{"id":6836,"date":"2025-01-12T21:32:50","date_gmt":"2025-01-12T20:32:50","guid":{"rendered":"https:\/\/tienda.durangohogar.com\/?post_type=product&#038;p=6836"},"modified":"2025-01-12T21:33:29","modified_gmt":"2025-01-12T20:33:29","slug":"calpe-gris","status":"publish","type":"product","link":"https:\/\/tienda.durangohogar.com\/eus\/produktua\/calpe-gris\/","title":{"rendered":"CALPE GRIS"},"content":{"rendered":"<p><strong>Juego de Toallas 100% Algod\u00f3n &#8211; Suavidad y Absorci\u00f3n<\/strong><\/p>\n<p>Disfruta de la m\u00e1xima comodidad con este juego de toallas de <strong>100% algod\u00f3n<\/strong>, dise\u00f1ado para ofrecer una excelente absorci\u00f3n y suavidad al contacto con la piel.<\/p>\n<ul>\n<li><strong>Material:<\/strong> Algod\u00f3n puro, suave y duradero.<\/li>\n<li><strong>Incluye:<\/strong> Toallas en diferentes tama\u00f1os para cubrir todas tus necesidades.<\/li>\n<li><strong>F\u00e1cil mantenimiento:<\/strong> Lavable a m\u00e1quina y resistente al uso diario.<\/li>\n<li><strong>Dise\u00f1o:<\/strong> Elegante y disponible en varios colores.<\/li>\n<\/ul>\n<p>Ideal para uso diario o como un regalo pr\u00e1ctico. \u00a1Renueva tu ba\u00f1o con calidad y estilo!<\/p>","protected":false},"excerpt":{"rendered":"<p><strong>Juego de Toallas 100% Algod\u00f3n &#8211; Suavidad y Absorci\u00f3n<\/strong><\/p>\n<p>Disfruta de la m\u00e1xima comodidad con este juego de toallas de <strong>100% algod\u00f3n<\/strong>, dise\u00f1ado para ofrecer una excelente absorci\u00f3n y suavidad al contacto con la piel.<\/p>\n<ul>\n<li><strong>Material:<\/strong> Algod\u00f3n puro, suave y duradero.<\/li>\n<li><strong>Incluye:<\/strong> Toallas en diferentes tama\u00f1os para cubrir todas tus necesidades.<\/li>\n<li><strong>F\u00e1cil mantenimiento:<\/strong> Lavable a m\u00e1quina y resistente al uso diario.<\/li>\n<li><strong>Dise\u00f1o:<\/strong> Elegante y disponible en varios colores.<\/li>\n<\/ul>\n<p>Ideal para uso diario o como un regalo pr\u00e1ctico. \u00a1Renueva tu ba\u00f1o con calidad y estilo!<\/p>","protected":false},"featured_media":6820,"comment_status":"open","ping_status":"closed","template":"","meta":[],"product_brand":[],"product_cat":[25],"product_tag":[],"class_list":{"0":"post-6836","1":"product","2":"type-product","3":"status-publish","4":"has-post-thumbnail","6":"product_cat-toallas","8":"first","9":"instock","10":"taxable","11":"shipping-taxable","12":"purchasable","13":"product-type-simple"},"yoast_head":"<!-- This site is optimized with the Yoast SEO plugin v27.6 - https:\/\/yoast.com\/product\/yoast-seo-wordpress\/ -->\n<title>CALPE GRIS - Durango Hogar<\/title>\n<meta name=\"robots\" content=\"index, follow, max-snippet:-1, max-image-preview:large, max-video-preview:-1\" \/>\n<link rel=\"canonical\" href=\"https:\/\/tienda.durangohogar.com\/eus\/produktua\/calpe-gris\/\" \/>\n<meta property=\"og:locale\" content=\"en_US\" \/>\n<meta property=\"og:type\" content=\"article\" \/>\n<meta property=\"og:title\" content=\"CALPE GRIS - Durango Hogar\" \/>\n<meta property=\"og:description\" content=\"Juego de Toallas 100% Algod\u00f3n - Suavidad y Absorci\u00f3n  Disfruta de la m\u00e1xima comodidad con este juego de toallas de 100% algod\u00f3n, dise\u00f1ado para ofrecer una excelente absorci\u00f3n y suavidad al contacto con la piel.   Material: Algod\u00f3n puro, suave y duradero.  Incluye: Toallas en diferentes tama\u00f1os para cubrir todas tus necesidades.  F\u00e1cil mantenimiento: Lavable a m\u00e1quina y resistente al uso diario.  Dise\u00f1o: Elegante y disponible en varios colores.  Ideal para uso diario o como un regalo pr\u00e1ctico. \u00a1Renueva tu ba\u00f1o con calidad y estilo!\" \/>\n<meta property=\"og:url\" content=\"https:\/\/tienda.durangohogar.com\/eus\/produktua\/calpe-gris\/\" \/>\n<meta property=\"og:site_name\" content=\"Durango Hogar\" \/>\n<meta property=\"article:modified_time\" content=\"2025-01-12T20:33:29+00:00\" \/>\n<meta property=\"og:image\" content=\"https:\/\/tienda.durangohogar.com\/wp-content\/uploads\/2025\/01\/Calpe_gris.jpg\" \/>\n\t<meta property=\"og:image:width\" content=\"323\" \/>\n\t<meta property=\"og:image:height\" content=\"241\" \/>\n\t<meta property=\"og:image:type\" content=\"image\/jpeg\" \/>\n<meta name=\"twitter:card\" content=\"summary_large_image\" \/>\n<meta name=\"twitter:label1\" content=\"Est. reading time\" \/>\n\t<meta name=\"twitter:data1\" content=\"1 minutua\" \/>\n<script type=\"application\/ld+json\" class=\"yoast-schema-graph\">{\"@context\":\"https:\\\/\\\/schema.org\",\"@graph\":[{\"@type\":\"WebPage\",\"@id\":\"https:\\\/\\\/tienda.durangohogar.com\\\/producto\\\/calpe-gris\\\/\",\"url\":\"https:\\\/\\\/tienda.durangohogar.com\\\/producto\\\/calpe-gris\\\/\",\"name\":\"CALPE GRIS - Durango Hogar\",\"isPartOf\":{\"@id\":\"https:\\\/\\\/tienda.durangohogar.com\\\/#website\"},\"primaryImageOfPage\":{\"@id\":\"https:\\\/\\\/tienda.durangohogar.com\\\/producto\\\/calpe-gris\\\/#primaryimage\"},\"image\":{\"@id\":\"https:\\\/\\\/tienda.durangohogar.com\\\/producto\\\/calpe-gris\\\/#primaryimage\"},\"thumbnailUrl\":\"https:\\\/\\\/tienda.durangohogar.com\\\/wp-content\\\/uploads\\\/2025\\\/01\\\/Calpe_gris.jpg\",\"datePublished\":\"2025-01-12T20:32:50+00:00\",\"dateModified\":\"2025-01-12T20:33:29+00:00\",\"breadcrumb\":{\"@id\":\"https:\\\/\\\/tienda.durangohogar.com\\\/producto\\\/calpe-gris\\\/#breadcrumb\"},\"inLanguage\":\"eu\",\"potentialAction\":[{\"@type\":\"ReadAction\",\"target\":[\"https:\\\/\\\/tienda.durangohogar.com\\\/producto\\\/calpe-gris\\\/\"]}]},{\"@type\":\"ImageObject\",\"inLanguage\":\"eu\",\"@id\":\"https:\\\/\\\/tienda.durangohogar.com\\\/producto\\\/calpe-gris\\\/#primaryimage\",\"url\":\"https:\\\/\\\/tienda.durangohogar.com\\\/wp-content\\\/uploads\\\/2025\\\/01\\\/Calpe_gris.jpg\",\"contentUrl\":\"https:\\\/\\\/tienda.durangohogar.com\\\/wp-content\\\/uploads\\\/2025\\\/01\\\/Calpe_gris.jpg\",\"width\":323,\"height\":241},{\"@type\":\"BreadcrumbList\",\"@id\":\"https:\\\/\\\/tienda.durangohogar.com\\\/producto\\\/calpe-gris\\\/#breadcrumb\",\"itemListElement\":[{\"@type\":\"ListItem\",\"position\":1,\"name\":\"Portada\",\"item\":\"https:\\\/\\\/tienda.durangohogar.com\\\/\"},{\"@type\":\"ListItem\",\"position\":2,\"name\":\"Tienda\",\"item\":\"https:\\\/\\\/tienda.durangohogar.com\\\/\"},{\"@type\":\"ListItem\",\"position\":3,\"name\":\"CALPE GRIS\"}]},{\"@type\":\"WebSite\",\"@id\":\"https:\\\/\\\/tienda.durangohogar.com\\\/#website\",\"url\":\"https:\\\/\\\/tienda.durangohogar.com\\\/\",\"name\":\"Durango Hogar\",\"description\":\"Venta de cortinas, toallas, mantas, alfombras a medida, n\u00f3rdicos y mucho m\u00e1s solo el Durango Hogar. \u00bfA qu\u00e9 esperas para visitarnos?\",\"publisher\":{\"@id\":\"https:\\\/\\\/tienda.durangohogar.com\\\/#organization\"},\"potentialAction\":[{\"@type\":\"SearchAction\",\"target\":{\"@type\":\"EntryPoint\",\"urlTemplate\":\"https:\\\/\\\/tienda.durangohogar.com\\\/?s={search_term_string}\"},\"query-input\":{\"@type\":\"PropertyValueSpecification\",\"valueRequired\":true,\"valueName\":\"search_term_string\"}}],\"inLanguage\":\"eu\"},{\"@type\":\"Organization\",\"@id\":\"https:\\\/\\\/tienda.durangohogar.com\\\/#organization\",\"name\":\"Durango Hogar\",\"url\":\"https:\\\/\\\/tienda.durangohogar.com\\\/\",\"logo\":{\"@type\":\"ImageObject\",\"inLanguage\":\"eu\",\"@id\":\"https:\\\/\\\/tienda.durangohogar.com\\\/#\\\/schema\\\/logo\\\/image\\\/\",\"url\":\"https:\\\/\\\/tienda.durangohogar.com\\\/wp-content\\\/uploads\\\/2024\\\/04\\\/cropped-DURANGO-HOGAR_Mesa-de-trabajo-1-1.png\",\"contentUrl\":\"https:\\\/\\\/tienda.durangohogar.com\\\/wp-content\\\/uploads\\\/2024\\\/04\\\/cropped-DURANGO-HOGAR_Mesa-de-trabajo-1-1.png\",\"width\":1920,\"height\":816,\"caption\":\"Durango Hogar\"},\"image\":{\"@id\":\"https:\\\/\\\/tienda.durangohogar.com\\\/#\\\/schema\\\/logo\\\/image\\\/\"}}]}<\/script>\n<!-- \/ Yoast SEO plugin. -->","yoast_head_json":{"title":"CALPE GRIS - Durango Hogar","robots":{"index":"index","follow":"follow","max-snippet":"max-snippet:-1","max-image-preview":"max-image-preview:large","max-video-preview":"max-video-preview:-1"},"canonical":"https:\/\/tienda.durangohogar.com\/eus\/produktua\/calpe-gris\/","og_locale":"en_US","og_type":"article","og_title":"CALPE GRIS - Durango Hogar","og_description":"Juego de Toallas 100% Algod\u00f3n - Suavidad y Absorci\u00f3n  Disfruta de la m\u00e1xima comodidad con este juego de toallas de 100% algod\u00f3n, dise\u00f1ado para ofrecer una excelente absorci\u00f3n y suavidad al contacto con la piel.   Material: Algod\u00f3n puro, suave y duradero.  Incluye: Toallas en diferentes tama\u00f1os para cubrir todas tus necesidades.  F\u00e1cil mantenimiento: Lavable a m\u00e1quina y resistente al uso diario.  Dise\u00f1o: Elegante y disponible en varios colores.  Ideal para uso diario o como un regalo pr\u00e1ctico. \u00a1Renueva tu ba\u00f1o con calidad y estilo!","og_url":"https:\/\/tienda.durangohogar.com\/eus\/produktua\/calpe-gris\/","og_site_name":"Durango Hogar","article_modified_time":"2025-01-12T20:33:29+00:00","og_image":[{"width":323,"height":241,"url":"https:\/\/tienda.durangohogar.com\/wp-content\/uploads\/2025\/01\/Calpe_gris.jpg","type":"image\/jpeg"}],"twitter_card":"summary_large_image","twitter_misc":{"Est. reading time":"1 minutua"},"schema":{"@context":"https:\/\/schema.org","@graph":[{"@type":"WebPage","@id":"https:\/\/tienda.durangohogar.com\/producto\/calpe-gris\/","url":"https:\/\/tienda.durangohogar.com\/producto\/calpe-gris\/","name":"CALPE GRIS - Durango Hogar","isPartOf":{"@id":"https:\/\/tienda.durangohogar.com\/#website"},"primaryImageOfPage":{"@id":"https:\/\/tienda.durangohogar.com\/producto\/calpe-gris\/#primaryimage"},"image":{"@id":"https:\/\/tienda.durangohogar.com\/producto\/calpe-gris\/#primaryimage"},"thumbnailUrl":"https:\/\/tienda.durangohogar.com\/wp-content\/uploads\/2025\/01\/Calpe_gris.jpg","datePublished":"2025-01-12T20:32:50+00:00","dateModified":"2025-01-12T20:33:29+00:00","breadcrumb":{"@id":"https:\/\/tienda.durangohogar.com\/producto\/calpe-gris\/#breadcrumb"},"inLanguage":"eu","potentialAction":[{"@type":"ReadAction","target":["https:\/\/tienda.durangohogar.com\/producto\/calpe-gris\/"]}]},{"@type":"ImageObject","inLanguage":"eu","@id":"https:\/\/tienda.durangohogar.com\/producto\/calpe-gris\/#primaryimage","url":"https:\/\/tienda.durangohogar.com\/wp-content\/uploads\/2025\/01\/Calpe_gris.jpg","contentUrl":"https:\/\/tienda.durangohogar.com\/wp-content\/uploads\/2025\/01\/Calpe_gris.jpg","width":323,"height":241},{"@type":"BreadcrumbList","@id":"https:\/\/tienda.durangohogar.com\/producto\/calpe-gris\/#breadcrumb","itemListElement":[{"@type":"ListItem","position":1,"name":"Portada","item":"https:\/\/tienda.durangohogar.com\/"},{"@type":"ListItem","position":2,"name":"Tienda","item":"https:\/\/tienda.durangohogar.com\/"},{"@type":"ListItem","position":3,"name":"CALPE GRIS"}]},{"@type":"WebSite","@id":"https:\/\/tienda.durangohogar.com\/#website","url":"https:\/\/tienda.durangohogar.com\/","name":"Durango Hogar","description":"Venta de cortinas, toallas, mantas, alfombras a medida, n\u00f3rdicos y mucho m\u00e1s solo el Durango Hogar. \u00bfA qu\u00e9 esperas para visitarnos?","publisher":{"@id":"https:\/\/tienda.durangohogar.com\/#organization"},"potentialAction":[{"@type":"SearchAction","target":{"@type":"EntryPoint","urlTemplate":"https:\/\/tienda.durangohogar.com\/?s={search_term_string}"},"query-input":{"@type":"PropertyValueSpecification","valueRequired":true,"valueName":"search_term_string"}}],"inLanguage":"eu"},{"@type":"Organization","@id":"https:\/\/tienda.durangohogar.com\/#organization","name":"Durango Hogar","url":"https:\/\/tienda.durangohogar.com\/","logo":{"@type":"ImageObject","inLanguage":"eu","@id":"https:\/\/tienda.durangohogar.com\/#\/schema\/logo\/image\/","url":"https:\/\/tienda.durangohogar.com\/wp-content\/uploads\/2024\/04\/cropped-DURANGO-HOGAR_Mesa-de-trabajo-1-1.png","contentUrl":"https:\/\/tienda.durangohogar.com\/wp-content\/uploads\/2024\/04\/cropped-DURANGO-HOGAR_Mesa-de-trabajo-1-1.png","width":1920,"height":816,"caption":"Durango Hogar"},"image":{"@id":"https:\/\/tienda.durangohogar.com\/#\/schema\/logo\/image\/"}}]}},"jetpack_sharing_enabled":true,"_links":{"self":[{"href":"https:\/\/tienda.durangohogar.com\/eus\/wp-json\/wp\/v2\/product\/6836","targetHints":{"allow":["GET"]}}],"collection":[{"href":"https:\/\/tienda.durangohogar.com\/eus\/wp-json\/wp\/v2\/product"}],"about":[{"href":"https:\/\/tienda.durangohogar.com\/eus\/wp-json\/wp\/v2\/types\/product"}],"replies":[{"embeddable":true,"href":"https:\/\/tienda.durangohogar.com\/eus\/wp-json\/wp\/v2\/comments?post=6836"}],"wp:featuredmedia":[{"embeddable":true,"href":"https:\/\/tienda.durangohogar.com\/eus\/wp-json\/wp\/v2\/media\/6820"}],"wp:attachment":[{"href":"https:\/\/tienda.durangohogar.com\/eus\/wp-json\/wp\/v2\/media?parent=6836"}],"wp:term":[{"taxonomy":"product_brand","embeddable":true,"href":"https:\/\/tienda.durangohogar.com\/eus\/wp-json\/wp\/v2\/product_brand?post=6836"},{"taxonomy":"product_cat","embeddable":true,"href":"https:\/\/tienda.durangohogar.com\/eus\/wp-json\/wp\/v2\/product_cat?post=6836"},{"taxonomy":"product_tag","embeddable":true,"href":"https:\/\/tienda.durangohogar.com\/eus\/wp-json\/wp\/v2\/product_tag?post=6836"}],"curies":[{"name":"wp","href":"https:\/\/api.w.org\/{rel}","templated":true}]}}