{"id":5647,"date":"2024-11-16T01:30:33","date_gmt":"2024-11-16T00:30:33","guid":{"rendered":"https:\/\/tienda.durangohogar.com\/?post_type=product&#038;p=5647"},"modified":"2024-11-16T01:31:05","modified_gmt":"2024-11-16T00:31:05","slug":"juego-de-toalla-04","status":"publish","type":"product","link":"https:\/\/tienda.durangohogar.com\/eus\/produktua\/juego-de-toalla-04\/","title":{"rendered":"JUEGO DE TOALLA 04"},"content":{"rendered":"","protected":false},"excerpt":{"rendered":"<p><strong>Juego de Toallas &#8211; 14,90 \u20ac<\/strong><br \/>\nDisfruta de suavidad y calidad con nuestro completo juego de toallas. Incluye varias piezas en tama\u00f1os ideales para manos, rostro y cuerpo, dise\u00f1adas para ofrecerte m\u00e1xima absorci\u00f3n y confort. Disponibles en una variedad de colores modernos, son perfectas para complementar la decoraci\u00f3n de tu ba\u00f1o. Fabricadas con tejidos duraderos y f\u00e1ciles de cuidar, garantizan una experiencia de lujo al mejor precio: \u00a1solo 14,90 \u20ac! \u00a1Renueva tu ba\u00f1o con este pr\u00e1ctico y elegante set!<\/p>","protected":false},"featured_media":5641,"comment_status":"open","ping_status":"closed","template":"","meta":[],"product_brand":[],"product_cat":[25],"product_tag":[],"class_list":{"0":"post-5647","1":"product","2":"type-product","3":"status-publish","4":"has-post-thumbnail","6":"product_cat-toallas","8":"first","9":"instock","10":"taxable","11":"shipping-taxable","12":"purchasable","13":"product-type-simple"},"yoast_head":"<!-- This site is optimized with the Yoast SEO plugin v27.6 - https:\/\/yoast.com\/product\/yoast-seo-wordpress\/ -->\n<title>JUEGO DE TOALLA 04 - Durango Hogar<\/title>\n<meta name=\"robots\" content=\"index, follow, max-snippet:-1, max-image-preview:large, max-video-preview:-1\" \/>\n<link rel=\"canonical\" href=\"https:\/\/tienda.durangohogar.com\/eus\/produktua\/juego-de-toalla-04\/\" \/>\n<meta property=\"og:locale\" content=\"en_US\" \/>\n<meta property=\"og:type\" content=\"article\" \/>\n<meta property=\"og:title\" content=\"JUEGO DE TOALLA 04 - Durango Hogar\" \/>\n<meta property=\"og:description\" content=\"Juego de Toallas - 14,90 \u20ac Disfruta de suavidad y calidad con nuestro completo juego de toallas. Incluye varias piezas en tama\u00f1os ideales para manos, rostro y cuerpo, dise\u00f1adas para ofrecerte m\u00e1xima absorci\u00f3n y confort. Disponibles en una variedad de colores modernos, son perfectas para complementar la decoraci\u00f3n de tu ba\u00f1o. Fabricadas con tejidos duraderos y f\u00e1ciles de cuidar, garantizan una experiencia de lujo al mejor precio: \u00a1solo 14,90 \u20ac! \u00a1Renueva tu ba\u00f1o con este pr\u00e1ctico y elegante set!\" \/>\n<meta property=\"og:url\" content=\"https:\/\/tienda.durangohogar.com\/eus\/produktua\/juego-de-toalla-04\/\" \/>\n<meta property=\"og:site_name\" content=\"Durango Hogar\" \/>\n<meta property=\"article:modified_time\" content=\"2024-11-16T00:31:05+00:00\" \/>\n<meta property=\"og:image\" content=\"https:\/\/tienda.durangohogar.com\/wp-content\/uploads\/2024\/11\/a884785a-1be0-4895-9d7a-0302aca17edf.jpg\" \/>\n\t<meta property=\"og:image:width\" content=\"1600\" \/>\n\t<meta property=\"og:image:height\" content=\"1200\" \/>\n\t<meta property=\"og:image:type\" content=\"image\/jpeg\" \/>\n<meta name=\"twitter:card\" content=\"summary_large_image\" \/>\n<meta name=\"twitter:label1\" content=\"Est. reading time\" \/>\n\t<meta name=\"twitter:data1\" content=\"1 minutua\" \/>\n<script type=\"application\/ld+json\" class=\"yoast-schema-graph\">{\"@context\":\"https:\\\/\\\/schema.org\",\"@graph\":[{\"@type\":\"WebPage\",\"@id\":\"https:\\\/\\\/tienda.durangohogar.com\\\/producto\\\/juego-de-toalla-04\\\/\",\"url\":\"https:\\\/\\\/tienda.durangohogar.com\\\/producto\\\/juego-de-toalla-04\\\/\",\"name\":\"JUEGO DE TOALLA 04 - Durango Hogar\",\"isPartOf\":{\"@id\":\"https:\\\/\\\/tienda.durangohogar.com\\\/#website\"},\"primaryImageOfPage\":{\"@id\":\"https:\\\/\\\/tienda.durangohogar.com\\\/producto\\\/juego-de-toalla-04\\\/#primaryimage\"},\"image\":{\"@id\":\"https:\\\/\\\/tienda.durangohogar.com\\\/producto\\\/juego-de-toalla-04\\\/#primaryimage\"},\"thumbnailUrl\":\"https:\\\/\\\/tienda.durangohogar.com\\\/wp-content\\\/uploads\\\/2024\\\/11\\\/a884785a-1be0-4895-9d7a-0302aca17edf.webp\",\"datePublished\":\"2024-11-16T00:30:33+00:00\",\"dateModified\":\"2024-11-16T00:31:05+00:00\",\"breadcrumb\":{\"@id\":\"https:\\\/\\\/tienda.durangohogar.com\\\/producto\\\/juego-de-toalla-04\\\/#breadcrumb\"},\"inLanguage\":\"eu\",\"potentialAction\":[{\"@type\":\"ReadAction\",\"target\":[\"https:\\\/\\\/tienda.durangohogar.com\\\/producto\\\/juego-de-toalla-04\\\/\"]}]},{\"@type\":\"ImageObject\",\"inLanguage\":\"eu\",\"@id\":\"https:\\\/\\\/tienda.durangohogar.com\\\/producto\\\/juego-de-toalla-04\\\/#primaryimage\",\"url\":\"https:\\\/\\\/tienda.durangohogar.com\\\/wp-content\\\/uploads\\\/2024\\\/11\\\/a884785a-1be0-4895-9d7a-0302aca17edf.webp\",\"contentUrl\":\"https:\\\/\\\/tienda.durangohogar.com\\\/wp-content\\\/uploads\\\/2024\\\/11\\\/a884785a-1be0-4895-9d7a-0302aca17edf.webp\",\"width\":1600,\"height\":1200},{\"@type\":\"BreadcrumbList\",\"@id\":\"https:\\\/\\\/tienda.durangohogar.com\\\/producto\\\/juego-de-toalla-04\\\/#breadcrumb\",\"itemListElement\":[{\"@type\":\"ListItem\",\"position\":1,\"name\":\"Portada\",\"item\":\"https:\\\/\\\/tienda.durangohogar.com\\\/\"},{\"@type\":\"ListItem\",\"position\":2,\"name\":\"Tienda\",\"item\":\"https:\\\/\\\/tienda.durangohogar.com\\\/\"},{\"@type\":\"ListItem\",\"position\":3,\"name\":\"JUEGO DE TOALLA 04\"}]},{\"@type\":\"WebSite\",\"@id\":\"https:\\\/\\\/tienda.durangohogar.com\\\/#website\",\"url\":\"https:\\\/\\\/tienda.durangohogar.com\\\/\",\"name\":\"Durango Hogar\",\"description\":\"Venta de cortinas, toallas, mantas, alfombras a medida, n\u00f3rdicos y mucho m\u00e1s solo el Durango Hogar. \u00bfA qu\u00e9 esperas para visitarnos?\",\"publisher\":{\"@id\":\"https:\\\/\\\/tienda.durangohogar.com\\\/#organization\"},\"potentialAction\":[{\"@type\":\"SearchAction\",\"target\":{\"@type\":\"EntryPoint\",\"urlTemplate\":\"https:\\\/\\\/tienda.durangohogar.com\\\/?s={search_term_string}\"},\"query-input\":{\"@type\":\"PropertyValueSpecification\",\"valueRequired\":true,\"valueName\":\"search_term_string\"}}],\"inLanguage\":\"eu\"},{\"@type\":\"Organization\",\"@id\":\"https:\\\/\\\/tienda.durangohogar.com\\\/#organization\",\"name\":\"Durango Hogar\",\"url\":\"https:\\\/\\\/tienda.durangohogar.com\\\/\",\"logo\":{\"@type\":\"ImageObject\",\"inLanguage\":\"eu\",\"@id\":\"https:\\\/\\\/tienda.durangohogar.com\\\/#\\\/schema\\\/logo\\\/image\\\/\",\"url\":\"https:\\\/\\\/tienda.durangohogar.com\\\/wp-content\\\/uploads\\\/2024\\\/04\\\/cropped-DURANGO-HOGAR_Mesa-de-trabajo-1-1.png\",\"contentUrl\":\"https:\\\/\\\/tienda.durangohogar.com\\\/wp-content\\\/uploads\\\/2024\\\/04\\\/cropped-DURANGO-HOGAR_Mesa-de-trabajo-1-1.png\",\"width\":1920,\"height\":816,\"caption\":\"Durango Hogar\"},\"image\":{\"@id\":\"https:\\\/\\\/tienda.durangohogar.com\\\/#\\\/schema\\\/logo\\\/image\\\/\"}}]}<\/script>\n<!-- \/ Yoast SEO plugin. -->","yoast_head_json":{"title":"JUEGO DE TOALLA 04 - Durango Hogar","robots":{"index":"index","follow":"follow","max-snippet":"max-snippet:-1","max-image-preview":"max-image-preview:large","max-video-preview":"max-video-preview:-1"},"canonical":"https:\/\/tienda.durangohogar.com\/eus\/produktua\/juego-de-toalla-04\/","og_locale":"en_US","og_type":"article","og_title":"JUEGO DE TOALLA 04 - Durango Hogar","og_description":"Juego de Toallas - 14,90 \u20ac Disfruta de suavidad y calidad con nuestro completo juego de toallas. Incluye varias piezas en tama\u00f1os ideales para manos, rostro y cuerpo, dise\u00f1adas para ofrecerte m\u00e1xima absorci\u00f3n y confort. Disponibles en una variedad de colores modernos, son perfectas para complementar la decoraci\u00f3n de tu ba\u00f1o. Fabricadas con tejidos duraderos y f\u00e1ciles de cuidar, garantizan una experiencia de lujo al mejor precio: \u00a1solo 14,90 \u20ac! \u00a1Renueva tu ba\u00f1o con este pr\u00e1ctico y elegante set!","og_url":"https:\/\/tienda.durangohogar.com\/eus\/produktua\/juego-de-toalla-04\/","og_site_name":"Durango Hogar","article_modified_time":"2024-11-16T00:31:05+00:00","og_image":[{"width":1600,"height":1200,"url":"https:\/\/tienda.durangohogar.com\/wp-content\/uploads\/2024\/11\/a884785a-1be0-4895-9d7a-0302aca17edf.jpg","type":"image\/jpeg"}],"twitter_card":"summary_large_image","twitter_misc":{"Est. reading time":"1 minutua"},"schema":{"@context":"https:\/\/schema.org","@graph":[{"@type":"WebPage","@id":"https:\/\/tienda.durangohogar.com\/producto\/juego-de-toalla-04\/","url":"https:\/\/tienda.durangohogar.com\/producto\/juego-de-toalla-04\/","name":"JUEGO DE TOALLA 04 - Durango Hogar","isPartOf":{"@id":"https:\/\/tienda.durangohogar.com\/#website"},"primaryImageOfPage":{"@id":"https:\/\/tienda.durangohogar.com\/producto\/juego-de-toalla-04\/#primaryimage"},"image":{"@id":"https:\/\/tienda.durangohogar.com\/producto\/juego-de-toalla-04\/#primaryimage"},"thumbnailUrl":"https:\/\/tienda.durangohogar.com\/wp-content\/uploads\/2024\/11\/a884785a-1be0-4895-9d7a-0302aca17edf.webp","datePublished":"2024-11-16T00:30:33+00:00","dateModified":"2024-11-16T00:31:05+00:00","breadcrumb":{"@id":"https:\/\/tienda.durangohogar.com\/producto\/juego-de-toalla-04\/#breadcrumb"},"inLanguage":"eu","potentialAction":[{"@type":"ReadAction","target":["https:\/\/tienda.durangohogar.com\/producto\/juego-de-toalla-04\/"]}]},{"@type":"ImageObject","inLanguage":"eu","@id":"https:\/\/tienda.durangohogar.com\/producto\/juego-de-toalla-04\/#primaryimage","url":"https:\/\/tienda.durangohogar.com\/wp-content\/uploads\/2024\/11\/a884785a-1be0-4895-9d7a-0302aca17edf.webp","contentUrl":"https:\/\/tienda.durangohogar.com\/wp-content\/uploads\/2024\/11\/a884785a-1be0-4895-9d7a-0302aca17edf.webp","width":1600,"height":1200},{"@type":"BreadcrumbList","@id":"https:\/\/tienda.durangohogar.com\/producto\/juego-de-toalla-04\/#breadcrumb","itemListElement":[{"@type":"ListItem","position":1,"name":"Portada","item":"https:\/\/tienda.durangohogar.com\/"},{"@type":"ListItem","position":2,"name":"Tienda","item":"https:\/\/tienda.durangohogar.com\/"},{"@type":"ListItem","position":3,"name":"JUEGO DE TOALLA 04"}]},{"@type":"WebSite","@id":"https:\/\/tienda.durangohogar.com\/#website","url":"https:\/\/tienda.durangohogar.com\/","name":"Durango Hogar","description":"Venta de cortinas, toallas, mantas, alfombras a medida, n\u00f3rdicos y mucho m\u00e1s solo el Durango Hogar. \u00bfA qu\u00e9 esperas para visitarnos?","publisher":{"@id":"https:\/\/tienda.durangohogar.com\/#organization"},"potentialAction":[{"@type":"SearchAction","target":{"@type":"EntryPoint","urlTemplate":"https:\/\/tienda.durangohogar.com\/?s={search_term_string}"},"query-input":{"@type":"PropertyValueSpecification","valueRequired":true,"valueName":"search_term_string"}}],"inLanguage":"eu"},{"@type":"Organization","@id":"https:\/\/tienda.durangohogar.com\/#organization","name":"Durango Hogar","url":"https:\/\/tienda.durangohogar.com\/","logo":{"@type":"ImageObject","inLanguage":"eu","@id":"https:\/\/tienda.durangohogar.com\/#\/schema\/logo\/image\/","url":"https:\/\/tienda.durangohogar.com\/wp-content\/uploads\/2024\/04\/cropped-DURANGO-HOGAR_Mesa-de-trabajo-1-1.png","contentUrl":"https:\/\/tienda.durangohogar.com\/wp-content\/uploads\/2024\/04\/cropped-DURANGO-HOGAR_Mesa-de-trabajo-1-1.png","width":1920,"height":816,"caption":"Durango Hogar"},"image":{"@id":"https:\/\/tienda.durangohogar.com\/#\/schema\/logo\/image\/"}}]}},"jetpack_sharing_enabled":true,"_links":{"self":[{"href":"https:\/\/tienda.durangohogar.com\/eus\/wp-json\/wp\/v2\/product\/5647","targetHints":{"allow":["GET"]}}],"collection":[{"href":"https:\/\/tienda.durangohogar.com\/eus\/wp-json\/wp\/v2\/product"}],"about":[{"href":"https:\/\/tienda.durangohogar.com\/eus\/wp-json\/wp\/v2\/types\/product"}],"replies":[{"embeddable":true,"href":"https:\/\/tienda.durangohogar.com\/eus\/wp-json\/wp\/v2\/comments?post=5647"}],"wp:featuredmedia":[{"embeddable":true,"href":"https:\/\/tienda.durangohogar.com\/eus\/wp-json\/wp\/v2\/media\/5641"}],"wp:attachment":[{"href":"https:\/\/tienda.durangohogar.com\/eus\/wp-json\/wp\/v2\/media?parent=5647"}],"wp:term":[{"taxonomy":"product_brand","embeddable":true,"href":"https:\/\/tienda.durangohogar.com\/eus\/wp-json\/wp\/v2\/product_brand?post=5647"},{"taxonomy":"product_cat","embeddable":true,"href":"https:\/\/tienda.durangohogar.com\/eus\/wp-json\/wp\/v2\/product_cat?post=5647"},{"taxonomy":"product_tag","embeddable":true,"href":"https:\/\/tienda.durangohogar.com\/eus\/wp-json\/wp\/v2\/product_tag?post=5647"}],"curies":[{"name":"wp","href":"https:\/\/api.w.org\/{rel}","templated":true}]}}