{"id":4944,"date":"2024-11-04T13:28:54","date_gmt":"2024-11-04T12:28:54","guid":{"rendered":"https:\/\/tienda.durangohogar.com\/?post_type=product&#038;p=4944"},"modified":"2024-11-04T13:33:42","modified_gmt":"2024-11-04T12:33:42","slug":"edredon-manta-colcha-n3","status":"publish","type":"product","link":"https:\/\/tienda.durangohogar.com\/eus\/produktua\/edredon-manta-colcha-n3\/","title":{"rendered":"EDRED\u00d3N MANTA COLCHA N3"},"content":{"rendered":"<p><strong>Edred\u00f3n Manta Colcha<\/strong><br \/>\nDisfruta de la m\u00e1xima calidez con nuestro Edred\u00f3n Manta Colcha, que combina la funcionalidad de una colcha con la suavidad de una manta. Su exquisito tacto terciopelo brinda un confort excepcional, ideal para mantenerte abrigado en cualquier \u00e9poca del a\u00f1o. Ten en cuenta que este producto no incluye funda de coj\u00edn. \u00a1Perfecto para a\u00f1adir un toque de elegancia y calidez a tu dormitorio!<\/p>","protected":false},"excerpt":{"rendered":"<p><strong>Edred\u00f3n Manta Colcha<\/strong><br \/>\nDisfruta de la m\u00e1xima calidez con nuestro Edred\u00f3n Manta Colcha, que combina la funcionalidad de una colcha con la suavidad de una manta. Su exquisito tacto terciopelo brinda un confort excepcional, ideal para mantenerte abrigado en cualquier \u00e9poca del a\u00f1o. Ten en cuenta que este producto no incluye funda de coj\u00edn. \u00a1Perfecto para a\u00f1adir un toque de elegancia y calidez a tu dormitorio!<\/p>","protected":false},"featured_media":4959,"comment_status":"open","ping_status":"closed","template":"","meta":[],"product_brand":[],"product_cat":[34],"product_tag":[],"class_list":{"0":"post-4944","1":"product","2":"type-product","3":"status-publish","4":"has-post-thumbnail","6":"product_cat-edredones","8":"first","9":"instock","10":"taxable","11":"shipping-taxable","12":"purchasable","13":"product-type-variable"},"yoast_head":"<!-- This site is optimized with the Yoast SEO plugin v27.6 - https:\/\/yoast.com\/product\/yoast-seo-wordpress\/ -->\n<title>EDRED\u00d3N MANTA COLCHA N3 - Durango Hogar<\/title>\n<meta name=\"robots\" content=\"index, follow, max-snippet:-1, max-image-preview:large, max-video-preview:-1\" \/>\n<link rel=\"canonical\" href=\"https:\/\/tienda.durangohogar.com\/eus\/produktua\/edredon-manta-colcha-n3\/\" \/>\n<meta property=\"og:locale\" content=\"en_US\" \/>\n<meta property=\"og:type\" content=\"article\" \/>\n<meta property=\"og:title\" content=\"EDRED\u00d3N MANTA COLCHA N3 - Durango Hogar\" \/>\n<meta property=\"og:description\" content=\"Edred\u00f3n Manta Colcha Disfruta de la m\u00e1xima calidez con nuestro Edred\u00f3n Manta Colcha, que combina la funcionalidad de una colcha con la suavidad de una manta. Su exquisito tacto terciopelo brinda un confort excepcional, ideal para mantenerte abrigado en cualquier \u00e9poca del a\u00f1o. Ten en cuenta que este producto no incluye funda de coj\u00edn. \u00a1Perfecto para a\u00f1adir un toque de elegancia y calidez a tu dormitorio!\" \/>\n<meta property=\"og:url\" content=\"https:\/\/tienda.durangohogar.com\/eus\/produktua\/edredon-manta-colcha-n3\/\" \/>\n<meta property=\"og:site_name\" content=\"Durango Hogar\" \/>\n<meta property=\"article:modified_time\" content=\"2024-11-04T12:33:42+00:00\" \/>\n<meta property=\"og:image\" content=\"https:\/\/tienda.durangohogar.com\/wp-content\/uploads\/2024\/11\/PHOTO-2024-09-25-21-43-473.jpg\" \/>\n\t<meta property=\"og:image:width\" content=\"2048\" \/>\n\t<meta property=\"og:image:height\" content=\"1463\" \/>\n\t<meta property=\"og:image:type\" content=\"image\/jpeg\" \/>\n<meta name=\"twitter:card\" content=\"summary_large_image\" \/>\n<meta name=\"twitter:label1\" content=\"Est. reading time\" \/>\n\t<meta name=\"twitter:data1\" content=\"1 minutua\" \/>\n<script type=\"application\/ld+json\" class=\"yoast-schema-graph\">{\"@context\":\"https:\\\/\\\/schema.org\",\"@graph\":[{\"@type\":\"WebPage\",\"@id\":\"https:\\\/\\\/tienda.durangohogar.com\\\/producto\\\/edredon-manta-colcha-n3\\\/\",\"url\":\"https:\\\/\\\/tienda.durangohogar.com\\\/producto\\\/edredon-manta-colcha-n3\\\/\",\"name\":\"EDRED\u00d3N MANTA COLCHA N3 - Durango Hogar\",\"isPartOf\":{\"@id\":\"https:\\\/\\\/tienda.durangohogar.com\\\/#website\"},\"primaryImageOfPage\":{\"@id\":\"https:\\\/\\\/tienda.durangohogar.com\\\/producto\\\/edredon-manta-colcha-n3\\\/#primaryimage\"},\"image\":{\"@id\":\"https:\\\/\\\/tienda.durangohogar.com\\\/producto\\\/edredon-manta-colcha-n3\\\/#primaryimage\"},\"thumbnailUrl\":\"https:\\\/\\\/tienda.durangohogar.com\\\/wp-content\\\/uploads\\\/2024\\\/11\\\/PHOTO-2024-09-25-21-43-473.jpg\",\"datePublished\":\"2024-11-04T12:28:54+00:00\",\"dateModified\":\"2024-11-04T12:33:42+00:00\",\"breadcrumb\":{\"@id\":\"https:\\\/\\\/tienda.durangohogar.com\\\/producto\\\/edredon-manta-colcha-n3\\\/#breadcrumb\"},\"inLanguage\":\"eu\",\"potentialAction\":[{\"@type\":\"ReadAction\",\"target\":[\"https:\\\/\\\/tienda.durangohogar.com\\\/producto\\\/edredon-manta-colcha-n3\\\/\"]}]},{\"@type\":\"ImageObject\",\"inLanguage\":\"eu\",\"@id\":\"https:\\\/\\\/tienda.durangohogar.com\\\/producto\\\/edredon-manta-colcha-n3\\\/#primaryimage\",\"url\":\"https:\\\/\\\/tienda.durangohogar.com\\\/wp-content\\\/uploads\\\/2024\\\/11\\\/PHOTO-2024-09-25-21-43-473.jpg\",\"contentUrl\":\"https:\\\/\\\/tienda.durangohogar.com\\\/wp-content\\\/uploads\\\/2024\\\/11\\\/PHOTO-2024-09-25-21-43-473.jpg\",\"width\":1920,\"height\":1372},{\"@type\":\"BreadcrumbList\",\"@id\":\"https:\\\/\\\/tienda.durangohogar.com\\\/producto\\\/edredon-manta-colcha-n3\\\/#breadcrumb\",\"itemListElement\":[{\"@type\":\"ListItem\",\"position\":1,\"name\":\"Portada\",\"item\":\"https:\\\/\\\/tienda.durangohogar.com\\\/\"},{\"@type\":\"ListItem\",\"position\":2,\"name\":\"Tienda\",\"item\":\"https:\\\/\\\/tienda.durangohogar.com\\\/\"},{\"@type\":\"ListItem\",\"position\":3,\"name\":\"EDRED\u00d3N MANTA COLCHA N3\"}]},{\"@type\":\"WebSite\",\"@id\":\"https:\\\/\\\/tienda.durangohogar.com\\\/#website\",\"url\":\"https:\\\/\\\/tienda.durangohogar.com\\\/\",\"name\":\"Durango Hogar\",\"description\":\"Venta de cortinas, toallas, mantas, alfombras a medida, n\u00f3rdicos y mucho m\u00e1s solo el Durango Hogar. \u00bfA qu\u00e9 esperas para visitarnos?\",\"publisher\":{\"@id\":\"https:\\\/\\\/tienda.durangohogar.com\\\/#organization\"},\"potentialAction\":[{\"@type\":\"SearchAction\",\"target\":{\"@type\":\"EntryPoint\",\"urlTemplate\":\"https:\\\/\\\/tienda.durangohogar.com\\\/?s={search_term_string}\"},\"query-input\":{\"@type\":\"PropertyValueSpecification\",\"valueRequired\":true,\"valueName\":\"search_term_string\"}}],\"inLanguage\":\"eu\"},{\"@type\":\"Organization\",\"@id\":\"https:\\\/\\\/tienda.durangohogar.com\\\/#organization\",\"name\":\"Durango Hogar\",\"url\":\"https:\\\/\\\/tienda.durangohogar.com\\\/\",\"logo\":{\"@type\":\"ImageObject\",\"inLanguage\":\"eu\",\"@id\":\"https:\\\/\\\/tienda.durangohogar.com\\\/#\\\/schema\\\/logo\\\/image\\\/\",\"url\":\"https:\\\/\\\/tienda.durangohogar.com\\\/wp-content\\\/uploads\\\/2024\\\/04\\\/cropped-DURANGO-HOGAR_Mesa-de-trabajo-1-1.png\",\"contentUrl\":\"https:\\\/\\\/tienda.durangohogar.com\\\/wp-content\\\/uploads\\\/2024\\\/04\\\/cropped-DURANGO-HOGAR_Mesa-de-trabajo-1-1.png\",\"width\":1920,\"height\":816,\"caption\":\"Durango Hogar\"},\"image\":{\"@id\":\"https:\\\/\\\/tienda.durangohogar.com\\\/#\\\/schema\\\/logo\\\/image\\\/\"}}]}<\/script>\n<!-- \/ Yoast SEO plugin. -->","yoast_head_json":{"title":"EDRED\u00d3N MANTA COLCHA N3 - Durango Hogar","robots":{"index":"index","follow":"follow","max-snippet":"max-snippet:-1","max-image-preview":"max-image-preview:large","max-video-preview":"max-video-preview:-1"},"canonical":"https:\/\/tienda.durangohogar.com\/eus\/produktua\/edredon-manta-colcha-n3\/","og_locale":"en_US","og_type":"article","og_title":"EDRED\u00d3N MANTA COLCHA N3 - Durango Hogar","og_description":"Edred\u00f3n Manta Colcha Disfruta de la m\u00e1xima calidez con nuestro Edred\u00f3n Manta Colcha, que combina la funcionalidad de una colcha con la suavidad de una manta. Su exquisito tacto terciopelo brinda un confort excepcional, ideal para mantenerte abrigado en cualquier \u00e9poca del a\u00f1o. Ten en cuenta que este producto no incluye funda de coj\u00edn. \u00a1Perfecto para a\u00f1adir un toque de elegancia y calidez a tu dormitorio!","og_url":"https:\/\/tienda.durangohogar.com\/eus\/produktua\/edredon-manta-colcha-n3\/","og_site_name":"Durango Hogar","article_modified_time":"2024-11-04T12:33:42+00:00","og_image":[{"width":2048,"height":1463,"url":"https:\/\/tienda.durangohogar.com\/wp-content\/uploads\/2024\/11\/PHOTO-2024-09-25-21-43-473.jpg","type":"image\/jpeg"}],"twitter_card":"summary_large_image","twitter_misc":{"Est. reading time":"1 minutua"},"schema":{"@context":"https:\/\/schema.org","@graph":[{"@type":"WebPage","@id":"https:\/\/tienda.durangohogar.com\/producto\/edredon-manta-colcha-n3\/","url":"https:\/\/tienda.durangohogar.com\/producto\/edredon-manta-colcha-n3\/","name":"EDRED\u00d3N MANTA COLCHA N3 - Durango Hogar","isPartOf":{"@id":"https:\/\/tienda.durangohogar.com\/#website"},"primaryImageOfPage":{"@id":"https:\/\/tienda.durangohogar.com\/producto\/edredon-manta-colcha-n3\/#primaryimage"},"image":{"@id":"https:\/\/tienda.durangohogar.com\/producto\/edredon-manta-colcha-n3\/#primaryimage"},"thumbnailUrl":"https:\/\/tienda.durangohogar.com\/wp-content\/uploads\/2024\/11\/PHOTO-2024-09-25-21-43-473.jpg","datePublished":"2024-11-04T12:28:54+00:00","dateModified":"2024-11-04T12:33:42+00:00","breadcrumb":{"@id":"https:\/\/tienda.durangohogar.com\/producto\/edredon-manta-colcha-n3\/#breadcrumb"},"inLanguage":"eu","potentialAction":[{"@type":"ReadAction","target":["https:\/\/tienda.durangohogar.com\/producto\/edredon-manta-colcha-n3\/"]}]},{"@type":"ImageObject","inLanguage":"eu","@id":"https:\/\/tienda.durangohogar.com\/producto\/edredon-manta-colcha-n3\/#primaryimage","url":"https:\/\/tienda.durangohogar.com\/wp-content\/uploads\/2024\/11\/PHOTO-2024-09-25-21-43-473.jpg","contentUrl":"https:\/\/tienda.durangohogar.com\/wp-content\/uploads\/2024\/11\/PHOTO-2024-09-25-21-43-473.jpg","width":1920,"height":1372},{"@type":"BreadcrumbList","@id":"https:\/\/tienda.durangohogar.com\/producto\/edredon-manta-colcha-n3\/#breadcrumb","itemListElement":[{"@type":"ListItem","position":1,"name":"Portada","item":"https:\/\/tienda.durangohogar.com\/"},{"@type":"ListItem","position":2,"name":"Tienda","item":"https:\/\/tienda.durangohogar.com\/"},{"@type":"ListItem","position":3,"name":"EDRED\u00d3N MANTA COLCHA N3"}]},{"@type":"WebSite","@id":"https:\/\/tienda.durangohogar.com\/#website","url":"https:\/\/tienda.durangohogar.com\/","name":"Durango Hogar","description":"Venta de cortinas, toallas, mantas, alfombras a medida, n\u00f3rdicos y mucho m\u00e1s solo el Durango Hogar. \u00bfA qu\u00e9 esperas para visitarnos?","publisher":{"@id":"https:\/\/tienda.durangohogar.com\/#organization"},"potentialAction":[{"@type":"SearchAction","target":{"@type":"EntryPoint","urlTemplate":"https:\/\/tienda.durangohogar.com\/?s={search_term_string}"},"query-input":{"@type":"PropertyValueSpecification","valueRequired":true,"valueName":"search_term_string"}}],"inLanguage":"eu"},{"@type":"Organization","@id":"https:\/\/tienda.durangohogar.com\/#organization","name":"Durango Hogar","url":"https:\/\/tienda.durangohogar.com\/","logo":{"@type":"ImageObject","inLanguage":"eu","@id":"https:\/\/tienda.durangohogar.com\/#\/schema\/logo\/image\/","url":"https:\/\/tienda.durangohogar.com\/wp-content\/uploads\/2024\/04\/cropped-DURANGO-HOGAR_Mesa-de-trabajo-1-1.png","contentUrl":"https:\/\/tienda.durangohogar.com\/wp-content\/uploads\/2024\/04\/cropped-DURANGO-HOGAR_Mesa-de-trabajo-1-1.png","width":1920,"height":816,"caption":"Durango Hogar"},"image":{"@id":"https:\/\/tienda.durangohogar.com\/#\/schema\/logo\/image\/"}}]}},"jetpack_sharing_enabled":true,"_links":{"self":[{"href":"https:\/\/tienda.durangohogar.com\/eus\/wp-json\/wp\/v2\/product\/4944","targetHints":{"allow":["GET"]}}],"collection":[{"href":"https:\/\/tienda.durangohogar.com\/eus\/wp-json\/wp\/v2\/product"}],"about":[{"href":"https:\/\/tienda.durangohogar.com\/eus\/wp-json\/wp\/v2\/types\/product"}],"replies":[{"embeddable":true,"href":"https:\/\/tienda.durangohogar.com\/eus\/wp-json\/wp\/v2\/comments?post=4944"}],"wp:featuredmedia":[{"embeddable":true,"href":"https:\/\/tienda.durangohogar.com\/eus\/wp-json\/wp\/v2\/media\/4959"}],"wp:attachment":[{"href":"https:\/\/tienda.durangohogar.com\/eus\/wp-json\/wp\/v2\/media?parent=4944"}],"wp:term":[{"taxonomy":"product_brand","embeddable":true,"href":"https:\/\/tienda.durangohogar.com\/eus\/wp-json\/wp\/v2\/product_brand?post=4944"},{"taxonomy":"product_cat","embeddable":true,"href":"https:\/\/tienda.durangohogar.com\/eus\/wp-json\/wp\/v2\/product_cat?post=4944"},{"taxonomy":"product_tag","embeddable":true,"href":"https:\/\/tienda.durangohogar.com\/eus\/wp-json\/wp\/v2\/product_tag?post=4944"}],"curies":[{"name":"wp","href":"https:\/\/api.w.org\/{rel}","templated":true}]}}