{"id":4630,"date":"2024-11-02T19:10:14","date_gmt":"2024-11-02T18:10:14","guid":{"rendered":"https:\/\/tienda.durangohogar.com\/?post_type=product&#038;p=4630"},"modified":"2024-11-02T19:11:05","modified_gmt":"2024-11-02T18:11:05","slug":"cortina-confeccionada-con-ollaos-erie-15","status":"publish","type":"product","link":"https:\/\/tienda.durangohogar.com\/eus\/produktua\/cortina-confeccionada-con-ollaos-erie-15\/","title":{"rendered":"CORTINA CONFECCIONADA CON OLLAOS ERIE 15"},"content":{"rendered":"<p>CORTINA CONFECCIONADA CON OLLAOS MEDIDAS 140 DE ANCHO 260 DE ALTURA<\/p>","protected":false},"excerpt":{"rendered":"<p><strong>Cortina Confeccionada con Ollaos<\/strong><br \/>\nA\u00f1ade un toque elegante y funcional a tus espacios con esta cortina confeccionada con ollaos, de f\u00e1cil instalaci\u00f3n y ca\u00edda perfecta. Con medidas de 140 cm de ancho y 260 cm de altura, es ideal para aportar estilo y controlar la luz en cualquier ambiente.<\/p>","protected":false},"featured_media":4621,"comment_status":"open","ping_status":"closed","template":"","meta":[],"product_brand":[],"product_cat":[242],"product_tag":[],"class_list":{"0":"post-4630","1":"product","2":"type-product","3":"status-publish","4":"has-post-thumbnail","6":"product_cat-cortinas-cortinas","8":"first","9":"instock","10":"taxable","11":"shipping-taxable","12":"purchasable","13":"product-type-simple"},"yoast_head":"<!-- This site is optimized with the Yoast SEO plugin v27.3 - https:\/\/yoast.com\/product\/yoast-seo-wordpress\/ -->\n<title>CORTINA CONFECCIONADA CON OLLAOS ERIE 15 - Durango Hogar<\/title>\n<meta name=\"robots\" content=\"index, follow, max-snippet:-1, max-image-preview:large, max-video-preview:-1\" \/>\n<link rel=\"canonical\" href=\"https:\/\/tienda.durangohogar.com\/eus\/produktua\/cortina-confeccionada-con-ollaos-erie-15\/\" \/>\n<meta property=\"og:locale\" content=\"en_US\" \/>\n<meta property=\"og:type\" content=\"article\" \/>\n<meta property=\"og:title\" content=\"CORTINA CONFECCIONADA CON OLLAOS ERIE 15 - Durango Hogar\" \/>\n<meta property=\"og:description\" content=\"Cortina Confeccionada con Ollaos A\u00f1ade un toque elegante y funcional a tus espacios con esta cortina confeccionada con ollaos, de f\u00e1cil instalaci\u00f3n y ca\u00edda perfecta. Con medidas de 140 cm de ancho y 260 cm de altura, es ideal para aportar estilo y controlar la luz en cualquier ambiente.\" \/>\n<meta property=\"og:url\" content=\"https:\/\/tienda.durangohogar.com\/eus\/produktua\/cortina-confeccionada-con-ollaos-erie-15\/\" \/>\n<meta property=\"og:site_name\" content=\"Durango Hogar\" \/>\n<meta property=\"article:modified_time\" content=\"2024-11-02T18:11:05+00:00\" \/>\n<meta property=\"og:image\" content=\"https:\/\/tienda.durangohogar.com\/wp-content\/uploads\/2024\/09\/PHOTO-2024-06-02-11-51-27_14.jpg\" \/>\n\t<meta property=\"og:image:width\" content=\"1580\" \/>\n\t<meta property=\"og:image:height\" content=\"1600\" \/>\n\t<meta property=\"og:image:type\" content=\"image\/jpeg\" \/>\n<meta name=\"twitter:card\" content=\"summary_large_image\" \/>\n<meta name=\"twitter:label1\" content=\"Est. reading time\" \/>\n\t<meta name=\"twitter:data1\" content=\"1 minutua\" \/>\n<script type=\"application\/ld+json\" class=\"yoast-schema-graph\">{\"@context\":\"https:\\\/\\\/schema.org\",\"@graph\":[{\"@type\":\"WebPage\",\"@id\":\"https:\\\/\\\/tienda.durangohogar.com\\\/producto\\\/cortina-confeccionada-con-ollaos-erie-15\\\/\",\"url\":\"https:\\\/\\\/tienda.durangohogar.com\\\/producto\\\/cortina-confeccionada-con-ollaos-erie-15\\\/\",\"name\":\"CORTINA CONFECCIONADA CON OLLAOS ERIE 15 - Durango Hogar\",\"isPartOf\":{\"@id\":\"https:\\\/\\\/tienda.durangohogar.com\\\/#website\"},\"primaryImageOfPage\":{\"@id\":\"https:\\\/\\\/tienda.durangohogar.com\\\/producto\\\/cortina-confeccionada-con-ollaos-erie-15\\\/#primaryimage\"},\"image\":{\"@id\":\"https:\\\/\\\/tienda.durangohogar.com\\\/producto\\\/cortina-confeccionada-con-ollaos-erie-15\\\/#primaryimage\"},\"thumbnailUrl\":\"https:\\\/\\\/tienda.durangohogar.com\\\/wp-content\\\/uploads\\\/2024\\\/09\\\/PHOTO-2024-06-02-11-51-27_14.jpg\",\"datePublished\":\"2024-11-02T18:10:14+00:00\",\"dateModified\":\"2024-11-02T18:11:05+00:00\",\"breadcrumb\":{\"@id\":\"https:\\\/\\\/tienda.durangohogar.com\\\/producto\\\/cortina-confeccionada-con-ollaos-erie-15\\\/#breadcrumb\"},\"inLanguage\":\"eu\",\"potentialAction\":[{\"@type\":\"ReadAction\",\"target\":[\"https:\\\/\\\/tienda.durangohogar.com\\\/producto\\\/cortina-confeccionada-con-ollaos-erie-15\\\/\"]}]},{\"@type\":\"ImageObject\",\"inLanguage\":\"eu\",\"@id\":\"https:\\\/\\\/tienda.durangohogar.com\\\/producto\\\/cortina-confeccionada-con-ollaos-erie-15\\\/#primaryimage\",\"url\":\"https:\\\/\\\/tienda.durangohogar.com\\\/wp-content\\\/uploads\\\/2024\\\/09\\\/PHOTO-2024-06-02-11-51-27_14.jpg\",\"contentUrl\":\"https:\\\/\\\/tienda.durangohogar.com\\\/wp-content\\\/uploads\\\/2024\\\/09\\\/PHOTO-2024-06-02-11-51-27_14.jpg\",\"width\":1580,\"height\":1600},{\"@type\":\"BreadcrumbList\",\"@id\":\"https:\\\/\\\/tienda.durangohogar.com\\\/producto\\\/cortina-confeccionada-con-ollaos-erie-15\\\/#breadcrumb\",\"itemListElement\":[{\"@type\":\"ListItem\",\"position\":1,\"name\":\"Portada\",\"item\":\"https:\\\/\\\/tienda.durangohogar.com\\\/\"},{\"@type\":\"ListItem\",\"position\":2,\"name\":\"Tienda\",\"item\":\"https:\\\/\\\/tienda.durangohogar.com\\\/\"},{\"@type\":\"ListItem\",\"position\":3,\"name\":\"CORTINA CONFECCIONADA CON OLLAOS ERIE 15\"}]},{\"@type\":\"WebSite\",\"@id\":\"https:\\\/\\\/tienda.durangohogar.com\\\/#website\",\"url\":\"https:\\\/\\\/tienda.durangohogar.com\\\/\",\"name\":\"Durango Hogar\",\"description\":\"Venta de cortinas, toallas, mantas, alfombras a medida, n\u00f3rdicos y mucho m\u00e1s solo el Durango Hogar. \u00bfA qu\u00e9 esperas para visitarnos?\",\"publisher\":{\"@id\":\"https:\\\/\\\/tienda.durangohogar.com\\\/#organization\"},\"potentialAction\":[{\"@type\":\"SearchAction\",\"target\":{\"@type\":\"EntryPoint\",\"urlTemplate\":\"https:\\\/\\\/tienda.durangohogar.com\\\/?s={search_term_string}\"},\"query-input\":{\"@type\":\"PropertyValueSpecification\",\"valueRequired\":true,\"valueName\":\"search_term_string\"}}],\"inLanguage\":\"eu\"},{\"@type\":\"Organization\",\"@id\":\"https:\\\/\\\/tienda.durangohogar.com\\\/#organization\",\"name\":\"Durango Hogar\",\"url\":\"https:\\\/\\\/tienda.durangohogar.com\\\/\",\"logo\":{\"@type\":\"ImageObject\",\"inLanguage\":\"eu\",\"@id\":\"https:\\\/\\\/tienda.durangohogar.com\\\/#\\\/schema\\\/logo\\\/image\\\/\",\"url\":\"https:\\\/\\\/tienda.durangohogar.com\\\/wp-content\\\/uploads\\\/2024\\\/04\\\/cropped-DURANGO-HOGAR_Mesa-de-trabajo-1-1.png\",\"contentUrl\":\"https:\\\/\\\/tienda.durangohogar.com\\\/wp-content\\\/uploads\\\/2024\\\/04\\\/cropped-DURANGO-HOGAR_Mesa-de-trabajo-1-1.png\",\"width\":1920,\"height\":816,\"caption\":\"Durango Hogar\"},\"image\":{\"@id\":\"https:\\\/\\\/tienda.durangohogar.com\\\/#\\\/schema\\\/logo\\\/image\\\/\"}}]}<\/script>\n<!-- \/ Yoast SEO plugin. -->","yoast_head_json":{"title":"CORTINA CONFECCIONADA CON OLLAOS ERIE 15 - Durango Hogar","robots":{"index":"index","follow":"follow","max-snippet":"max-snippet:-1","max-image-preview":"max-image-preview:large","max-video-preview":"max-video-preview:-1"},"canonical":"https:\/\/tienda.durangohogar.com\/eus\/produktua\/cortina-confeccionada-con-ollaos-erie-15\/","og_locale":"en_US","og_type":"article","og_title":"CORTINA CONFECCIONADA CON OLLAOS ERIE 15 - Durango Hogar","og_description":"Cortina Confeccionada con Ollaos A\u00f1ade un toque elegante y funcional a tus espacios con esta cortina confeccionada con ollaos, de f\u00e1cil instalaci\u00f3n y ca\u00edda perfecta. Con medidas de 140 cm de ancho y 260 cm de altura, es ideal para aportar estilo y controlar la luz en cualquier ambiente.","og_url":"https:\/\/tienda.durangohogar.com\/eus\/produktua\/cortina-confeccionada-con-ollaos-erie-15\/","og_site_name":"Durango Hogar","article_modified_time":"2024-11-02T18:11:05+00:00","og_image":[{"width":1580,"height":1600,"url":"https:\/\/tienda.durangohogar.com\/wp-content\/uploads\/2024\/09\/PHOTO-2024-06-02-11-51-27_14.jpg","type":"image\/jpeg"}],"twitter_card":"summary_large_image","twitter_misc":{"Est. reading time":"1 minutua"},"schema":{"@context":"https:\/\/schema.org","@graph":[{"@type":"WebPage","@id":"https:\/\/tienda.durangohogar.com\/producto\/cortina-confeccionada-con-ollaos-erie-15\/","url":"https:\/\/tienda.durangohogar.com\/producto\/cortina-confeccionada-con-ollaos-erie-15\/","name":"CORTINA CONFECCIONADA CON OLLAOS ERIE 15 - Durango Hogar","isPartOf":{"@id":"https:\/\/tienda.durangohogar.com\/#website"},"primaryImageOfPage":{"@id":"https:\/\/tienda.durangohogar.com\/producto\/cortina-confeccionada-con-ollaos-erie-15\/#primaryimage"},"image":{"@id":"https:\/\/tienda.durangohogar.com\/producto\/cortina-confeccionada-con-ollaos-erie-15\/#primaryimage"},"thumbnailUrl":"https:\/\/tienda.durangohogar.com\/wp-content\/uploads\/2024\/09\/PHOTO-2024-06-02-11-51-27_14.jpg","datePublished":"2024-11-02T18:10:14+00:00","dateModified":"2024-11-02T18:11:05+00:00","breadcrumb":{"@id":"https:\/\/tienda.durangohogar.com\/producto\/cortina-confeccionada-con-ollaos-erie-15\/#breadcrumb"},"inLanguage":"eu","potentialAction":[{"@type":"ReadAction","target":["https:\/\/tienda.durangohogar.com\/producto\/cortina-confeccionada-con-ollaos-erie-15\/"]}]},{"@type":"ImageObject","inLanguage":"eu","@id":"https:\/\/tienda.durangohogar.com\/producto\/cortina-confeccionada-con-ollaos-erie-15\/#primaryimage","url":"https:\/\/tienda.durangohogar.com\/wp-content\/uploads\/2024\/09\/PHOTO-2024-06-02-11-51-27_14.jpg","contentUrl":"https:\/\/tienda.durangohogar.com\/wp-content\/uploads\/2024\/09\/PHOTO-2024-06-02-11-51-27_14.jpg","width":1580,"height":1600},{"@type":"BreadcrumbList","@id":"https:\/\/tienda.durangohogar.com\/producto\/cortina-confeccionada-con-ollaos-erie-15\/#breadcrumb","itemListElement":[{"@type":"ListItem","position":1,"name":"Portada","item":"https:\/\/tienda.durangohogar.com\/"},{"@type":"ListItem","position":2,"name":"Tienda","item":"https:\/\/tienda.durangohogar.com\/"},{"@type":"ListItem","position":3,"name":"CORTINA CONFECCIONADA CON OLLAOS ERIE 15"}]},{"@type":"WebSite","@id":"https:\/\/tienda.durangohogar.com\/#website","url":"https:\/\/tienda.durangohogar.com\/","name":"Durango Hogar","description":"Venta de cortinas, toallas, mantas, alfombras a medida, n\u00f3rdicos y mucho m\u00e1s solo el Durango Hogar. \u00bfA qu\u00e9 esperas para visitarnos?","publisher":{"@id":"https:\/\/tienda.durangohogar.com\/#organization"},"potentialAction":[{"@type":"SearchAction","target":{"@type":"EntryPoint","urlTemplate":"https:\/\/tienda.durangohogar.com\/?s={search_term_string}"},"query-input":{"@type":"PropertyValueSpecification","valueRequired":true,"valueName":"search_term_string"}}],"inLanguage":"eu"},{"@type":"Organization","@id":"https:\/\/tienda.durangohogar.com\/#organization","name":"Durango Hogar","url":"https:\/\/tienda.durangohogar.com\/","logo":{"@type":"ImageObject","inLanguage":"eu","@id":"https:\/\/tienda.durangohogar.com\/#\/schema\/logo\/image\/","url":"https:\/\/tienda.durangohogar.com\/wp-content\/uploads\/2024\/04\/cropped-DURANGO-HOGAR_Mesa-de-trabajo-1-1.png","contentUrl":"https:\/\/tienda.durangohogar.com\/wp-content\/uploads\/2024\/04\/cropped-DURANGO-HOGAR_Mesa-de-trabajo-1-1.png","width":1920,"height":816,"caption":"Durango Hogar"},"image":{"@id":"https:\/\/tienda.durangohogar.com\/#\/schema\/logo\/image\/"}}]}},"jetpack_sharing_enabled":true,"_links":{"self":[{"href":"https:\/\/tienda.durangohogar.com\/eus\/wp-json\/wp\/v2\/product\/4630","targetHints":{"allow":["GET"]}}],"collection":[{"href":"https:\/\/tienda.durangohogar.com\/eus\/wp-json\/wp\/v2\/product"}],"about":[{"href":"https:\/\/tienda.durangohogar.com\/eus\/wp-json\/wp\/v2\/types\/product"}],"replies":[{"embeddable":true,"href":"https:\/\/tienda.durangohogar.com\/eus\/wp-json\/wp\/v2\/comments?post=4630"}],"wp:featuredmedia":[{"embeddable":true,"href":"https:\/\/tienda.durangohogar.com\/eus\/wp-json\/wp\/v2\/media\/4621"}],"wp:attachment":[{"href":"https:\/\/tienda.durangohogar.com\/eus\/wp-json\/wp\/v2\/media?parent=4630"}],"wp:term":[{"taxonomy":"product_brand","embeddable":true,"href":"https:\/\/tienda.durangohogar.com\/eus\/wp-json\/wp\/v2\/product_brand?post=4630"},{"taxonomy":"product_cat","embeddable":true,"href":"https:\/\/tienda.durangohogar.com\/eus\/wp-json\/wp\/v2\/product_cat?post=4630"},{"taxonomy":"product_tag","embeddable":true,"href":"https:\/\/tienda.durangohogar.com\/eus\/wp-json\/wp\/v2\/product_tag?post=4630"}],"curies":[{"name":"wp","href":"https:\/\/api.w.org\/{rel}","templated":true}]}}