{"id":1800,"date":"2024-09-25T15:42:07","date_gmt":"2024-09-25T15:42:07","guid":{"rendered":"https:\/\/tiendadurangohogar.rkinformatika.online\/?post_type=product&#038;p=1800"},"modified":"2024-11-01T18:34:25","modified_gmt":"2024-11-01T17:34:25","slug":"iceland-nordico-sintetico-california-400-gr","status":"publish","type":"product","link":"https:\/\/tienda.durangohogar.com\/eus\/produktua\/iceland-nordico-sintetico-california-400-gr\/","title":{"rendered":"N\u00d3RDICO CALIFORNIA 400 GRAMOS"},"content":{"rendered":"<p>N\u00d3RDICO CALIFORNIA 400 GRAMOS FIBRA HUECA SILICONADA ALTA CALIDAD LAVABLE EN LAVADORA TEJIDO MICROFIBRA<\/p>","protected":false},"excerpt":{"rendered":"<p><strong>N\u00f3rdico California 400g<\/strong><br \/>\nEl N\u00f3rdico California de 400 gramos ofrece un abrigo \u00f3ptimo y confortable para las noches fr\u00edas. Fabricado con fibra hueca siliconada de alta calidad, es ligero y retiene el calor de manera eficiente. Su tejido de microfibra es suave al tacto y resistente, adem\u00e1s de ser lavable en lavadora, facilitando su mantenimiento y durabilidad. Ideal para quienes buscan comodidad y f\u00e1cil cuidado.<\/p>","protected":false},"featured_media":4587,"comment_status":"open","ping_status":"closed","template":"","meta":[],"product_brand":[],"product_cat":[33],"product_tag":[],"class_list":{"0":"post-1800","1":"product","2":"type-product","3":"status-publish","4":"has-post-thumbnail","6":"product_cat-nordicos","8":"first","9":"instock","10":"taxable","11":"shipping-taxable","12":"purchasable","13":"product-type-variable"},"yoast_head":"<!-- This site is optimized with the Yoast SEO plugin v27.6 - https:\/\/yoast.com\/product\/yoast-seo-wordpress\/ -->\n<title>N\u00d3RDICO CALIFORNIA 400 GRAMOS - Durango Hogar<\/title>\n<meta name=\"robots\" content=\"index, follow, max-snippet:-1, max-image-preview:large, max-video-preview:-1\" \/>\n<link rel=\"canonical\" href=\"https:\/\/tienda.durangohogar.com\/eus\/produktua\/iceland-nordico-sintetico-california-400-gr\/\" \/>\n<meta property=\"og:locale\" content=\"en_US\" \/>\n<meta property=\"og:type\" content=\"article\" \/>\n<meta property=\"og:title\" content=\"N\u00d3RDICO CALIFORNIA 400 GRAMOS - Durango Hogar\" \/>\n<meta property=\"og:description\" content=\"N\u00f3rdico California 400g El N\u00f3rdico California de 400 gramos ofrece un abrigo \u00f3ptimo y confortable para las noches fr\u00edas. Fabricado con fibra hueca siliconada de alta calidad, es ligero y retiene el calor de manera eficiente. Su tejido de microfibra es suave al tacto y resistente, adem\u00e1s de ser lavable en lavadora, facilitando su mantenimiento y durabilidad. Ideal para quienes buscan comodidad y f\u00e1cil cuidado.\" \/>\n<meta property=\"og:url\" content=\"https:\/\/tienda.durangohogar.com\/eus\/produktua\/iceland-nordico-sintetico-california-400-gr\/\" \/>\n<meta property=\"og:site_name\" content=\"Durango Hogar\" \/>\n<meta property=\"article:modified_time\" content=\"2024-11-01T17:34:25+00:00\" \/>\n<meta property=\"og:image\" content=\"https:\/\/tienda.durangohogar.com\/wp-content\/uploads\/2024\/09\/NORDICO-CALIFORNIA-400-GRAMOS.jpg\" \/>\n\t<meta property=\"og:image:width\" content=\"630\" \/>\n\t<meta property=\"og:image:height\" content=\"472\" \/>\n\t<meta property=\"og:image:type\" content=\"image\/jpeg\" \/>\n<meta name=\"twitter:card\" content=\"summary_large_image\" \/>\n<meta name=\"twitter:label1\" content=\"Est. reading time\" \/>\n\t<meta name=\"twitter:data1\" content=\"1 minutua\" \/>\n<script type=\"application\/ld+json\" class=\"yoast-schema-graph\">{\"@context\":\"https:\\\/\\\/schema.org\",\"@graph\":[{\"@type\":\"WebPage\",\"@id\":\"https:\\\/\\\/tienda.durangohogar.com\\\/producto\\\/iceland-nordico-sintetico-california-400-gr\\\/\",\"url\":\"https:\\\/\\\/tienda.durangohogar.com\\\/producto\\\/iceland-nordico-sintetico-california-400-gr\\\/\",\"name\":\"N\u00d3RDICO CALIFORNIA 400 GRAMOS - Durango Hogar\",\"isPartOf\":{\"@id\":\"https:\\\/\\\/tienda.durangohogar.com\\\/#website\"},\"primaryImageOfPage\":{\"@id\":\"https:\\\/\\\/tienda.durangohogar.com\\\/producto\\\/iceland-nordico-sintetico-california-400-gr\\\/#primaryimage\"},\"image\":{\"@id\":\"https:\\\/\\\/tienda.durangohogar.com\\\/producto\\\/iceland-nordico-sintetico-california-400-gr\\\/#primaryimage\"},\"thumbnailUrl\":\"https:\\\/\\\/tienda.durangohogar.com\\\/wp-content\\\/uploads\\\/2024\\\/09\\\/NORDICO-CALIFORNIA-400-GRAMOS.jpg\",\"datePublished\":\"2024-09-25T15:42:07+00:00\",\"dateModified\":\"2024-11-01T17:34:25+00:00\",\"breadcrumb\":{\"@id\":\"https:\\\/\\\/tienda.durangohogar.com\\\/producto\\\/iceland-nordico-sintetico-california-400-gr\\\/#breadcrumb\"},\"inLanguage\":\"eu\",\"potentialAction\":[{\"@type\":\"ReadAction\",\"target\":[\"https:\\\/\\\/tienda.durangohogar.com\\\/producto\\\/iceland-nordico-sintetico-california-400-gr\\\/\"]}]},{\"@type\":\"ImageObject\",\"inLanguage\":\"eu\",\"@id\":\"https:\\\/\\\/tienda.durangohogar.com\\\/producto\\\/iceland-nordico-sintetico-california-400-gr\\\/#primaryimage\",\"url\":\"https:\\\/\\\/tienda.durangohogar.com\\\/wp-content\\\/uploads\\\/2024\\\/09\\\/NORDICO-CALIFORNIA-400-GRAMOS.jpg\",\"contentUrl\":\"https:\\\/\\\/tienda.durangohogar.com\\\/wp-content\\\/uploads\\\/2024\\\/09\\\/NORDICO-CALIFORNIA-400-GRAMOS.jpg\",\"width\":630,\"height\":472},{\"@type\":\"BreadcrumbList\",\"@id\":\"https:\\\/\\\/tienda.durangohogar.com\\\/producto\\\/iceland-nordico-sintetico-california-400-gr\\\/#breadcrumb\",\"itemListElement\":[{\"@type\":\"ListItem\",\"position\":1,\"name\":\"Portada\",\"item\":\"https:\\\/\\\/tienda.durangohogar.com\\\/\"},{\"@type\":\"ListItem\",\"position\":2,\"name\":\"Tienda\",\"item\":\"https:\\\/\\\/tienda.durangohogar.com\\\/\"},{\"@type\":\"ListItem\",\"position\":3,\"name\":\"N\u00d3RDICO CALIFORNIA 400 GRAMOS\"}]},{\"@type\":\"WebSite\",\"@id\":\"https:\\\/\\\/tienda.durangohogar.com\\\/#website\",\"url\":\"https:\\\/\\\/tienda.durangohogar.com\\\/\",\"name\":\"Durango Hogar\",\"description\":\"Venta de cortinas, toallas, mantas, alfombras a medida, n\u00f3rdicos y mucho m\u00e1s solo el Durango Hogar. \u00bfA qu\u00e9 esperas para visitarnos?\",\"publisher\":{\"@id\":\"https:\\\/\\\/tienda.durangohogar.com\\\/#organization\"},\"potentialAction\":[{\"@type\":\"SearchAction\",\"target\":{\"@type\":\"EntryPoint\",\"urlTemplate\":\"https:\\\/\\\/tienda.durangohogar.com\\\/?s={search_term_string}\"},\"query-input\":{\"@type\":\"PropertyValueSpecification\",\"valueRequired\":true,\"valueName\":\"search_term_string\"}}],\"inLanguage\":\"eu\"},{\"@type\":\"Organization\",\"@id\":\"https:\\\/\\\/tienda.durangohogar.com\\\/#organization\",\"name\":\"Durango Hogar\",\"url\":\"https:\\\/\\\/tienda.durangohogar.com\\\/\",\"logo\":{\"@type\":\"ImageObject\",\"inLanguage\":\"eu\",\"@id\":\"https:\\\/\\\/tienda.durangohogar.com\\\/#\\\/schema\\\/logo\\\/image\\\/\",\"url\":\"https:\\\/\\\/tienda.durangohogar.com\\\/wp-content\\\/uploads\\\/2024\\\/04\\\/cropped-DURANGO-HOGAR_Mesa-de-trabajo-1-1.png\",\"contentUrl\":\"https:\\\/\\\/tienda.durangohogar.com\\\/wp-content\\\/uploads\\\/2024\\\/04\\\/cropped-DURANGO-HOGAR_Mesa-de-trabajo-1-1.png\",\"width\":1920,\"height\":816,\"caption\":\"Durango Hogar\"},\"image\":{\"@id\":\"https:\\\/\\\/tienda.durangohogar.com\\\/#\\\/schema\\\/logo\\\/image\\\/\"}}]}<\/script>\n<!-- \/ Yoast SEO plugin. -->","yoast_head_json":{"title":"N\u00d3RDICO CALIFORNIA 400 GRAMOS - Durango Hogar","robots":{"index":"index","follow":"follow","max-snippet":"max-snippet:-1","max-image-preview":"max-image-preview:large","max-video-preview":"max-video-preview:-1"},"canonical":"https:\/\/tienda.durangohogar.com\/eus\/produktua\/iceland-nordico-sintetico-california-400-gr\/","og_locale":"en_US","og_type":"article","og_title":"N\u00d3RDICO CALIFORNIA 400 GRAMOS - Durango Hogar","og_description":"N\u00f3rdico California 400g El N\u00f3rdico California de 400 gramos ofrece un abrigo \u00f3ptimo y confortable para las noches fr\u00edas. Fabricado con fibra hueca siliconada de alta calidad, es ligero y retiene el calor de manera eficiente. Su tejido de microfibra es suave al tacto y resistente, adem\u00e1s de ser lavable en lavadora, facilitando su mantenimiento y durabilidad. Ideal para quienes buscan comodidad y f\u00e1cil cuidado.","og_url":"https:\/\/tienda.durangohogar.com\/eus\/produktua\/iceland-nordico-sintetico-california-400-gr\/","og_site_name":"Durango Hogar","article_modified_time":"2024-11-01T17:34:25+00:00","og_image":[{"width":630,"height":472,"url":"https:\/\/tienda.durangohogar.com\/wp-content\/uploads\/2024\/09\/NORDICO-CALIFORNIA-400-GRAMOS.jpg","type":"image\/jpeg"}],"twitter_card":"summary_large_image","twitter_misc":{"Est. reading time":"1 minutua"},"schema":{"@context":"https:\/\/schema.org","@graph":[{"@type":"WebPage","@id":"https:\/\/tienda.durangohogar.com\/producto\/iceland-nordico-sintetico-california-400-gr\/","url":"https:\/\/tienda.durangohogar.com\/producto\/iceland-nordico-sintetico-california-400-gr\/","name":"N\u00d3RDICO CALIFORNIA 400 GRAMOS - Durango Hogar","isPartOf":{"@id":"https:\/\/tienda.durangohogar.com\/#website"},"primaryImageOfPage":{"@id":"https:\/\/tienda.durangohogar.com\/producto\/iceland-nordico-sintetico-california-400-gr\/#primaryimage"},"image":{"@id":"https:\/\/tienda.durangohogar.com\/producto\/iceland-nordico-sintetico-california-400-gr\/#primaryimage"},"thumbnailUrl":"https:\/\/tienda.durangohogar.com\/wp-content\/uploads\/2024\/09\/NORDICO-CALIFORNIA-400-GRAMOS.jpg","datePublished":"2024-09-25T15:42:07+00:00","dateModified":"2024-11-01T17:34:25+00:00","breadcrumb":{"@id":"https:\/\/tienda.durangohogar.com\/producto\/iceland-nordico-sintetico-california-400-gr\/#breadcrumb"},"inLanguage":"eu","potentialAction":[{"@type":"ReadAction","target":["https:\/\/tienda.durangohogar.com\/producto\/iceland-nordico-sintetico-california-400-gr\/"]}]},{"@type":"ImageObject","inLanguage":"eu","@id":"https:\/\/tienda.durangohogar.com\/producto\/iceland-nordico-sintetico-california-400-gr\/#primaryimage","url":"https:\/\/tienda.durangohogar.com\/wp-content\/uploads\/2024\/09\/NORDICO-CALIFORNIA-400-GRAMOS.jpg","contentUrl":"https:\/\/tienda.durangohogar.com\/wp-content\/uploads\/2024\/09\/NORDICO-CALIFORNIA-400-GRAMOS.jpg","width":630,"height":472},{"@type":"BreadcrumbList","@id":"https:\/\/tienda.durangohogar.com\/producto\/iceland-nordico-sintetico-california-400-gr\/#breadcrumb","itemListElement":[{"@type":"ListItem","position":1,"name":"Portada","item":"https:\/\/tienda.durangohogar.com\/"},{"@type":"ListItem","position":2,"name":"Tienda","item":"https:\/\/tienda.durangohogar.com\/"},{"@type":"ListItem","position":3,"name":"N\u00d3RDICO CALIFORNIA 400 GRAMOS"}]},{"@type":"WebSite","@id":"https:\/\/tienda.durangohogar.com\/#website","url":"https:\/\/tienda.durangohogar.com\/","name":"Durango Hogar","description":"Venta de cortinas, toallas, mantas, alfombras a medida, n\u00f3rdicos y mucho m\u00e1s solo el Durango Hogar. \u00bfA qu\u00e9 esperas para visitarnos?","publisher":{"@id":"https:\/\/tienda.durangohogar.com\/#organization"},"potentialAction":[{"@type":"SearchAction","target":{"@type":"EntryPoint","urlTemplate":"https:\/\/tienda.durangohogar.com\/?s={search_term_string}"},"query-input":{"@type":"PropertyValueSpecification","valueRequired":true,"valueName":"search_term_string"}}],"inLanguage":"eu"},{"@type":"Organization","@id":"https:\/\/tienda.durangohogar.com\/#organization","name":"Durango Hogar","url":"https:\/\/tienda.durangohogar.com\/","logo":{"@type":"ImageObject","inLanguage":"eu","@id":"https:\/\/tienda.durangohogar.com\/#\/schema\/logo\/image\/","url":"https:\/\/tienda.durangohogar.com\/wp-content\/uploads\/2024\/04\/cropped-DURANGO-HOGAR_Mesa-de-trabajo-1-1.png","contentUrl":"https:\/\/tienda.durangohogar.com\/wp-content\/uploads\/2024\/04\/cropped-DURANGO-HOGAR_Mesa-de-trabajo-1-1.png","width":1920,"height":816,"caption":"Durango Hogar"},"image":{"@id":"https:\/\/tienda.durangohogar.com\/#\/schema\/logo\/image\/"}}]}},"jetpack_sharing_enabled":true,"_links":{"self":[{"href":"https:\/\/tienda.durangohogar.com\/eus\/wp-json\/wp\/v2\/product\/1800","targetHints":{"allow":["GET"]}}],"collection":[{"href":"https:\/\/tienda.durangohogar.com\/eus\/wp-json\/wp\/v2\/product"}],"about":[{"href":"https:\/\/tienda.durangohogar.com\/eus\/wp-json\/wp\/v2\/types\/product"}],"replies":[{"embeddable":true,"href":"https:\/\/tienda.durangohogar.com\/eus\/wp-json\/wp\/v2\/comments?post=1800"}],"wp:featuredmedia":[{"embeddable":true,"href":"https:\/\/tienda.durangohogar.com\/eus\/wp-json\/wp\/v2\/media\/4587"}],"wp:attachment":[{"href":"https:\/\/tienda.durangohogar.com\/eus\/wp-json\/wp\/v2\/media?parent=1800"}],"wp:term":[{"taxonomy":"product_brand","embeddable":true,"href":"https:\/\/tienda.durangohogar.com\/eus\/wp-json\/wp\/v2\/product_brand?post=1800"},{"taxonomy":"product_cat","embeddable":true,"href":"https:\/\/tienda.durangohogar.com\/eus\/wp-json\/wp\/v2\/product_cat?post=1800"},{"taxonomy":"product_tag","embeddable":true,"href":"https:\/\/tienda.durangohogar.com\/eus\/wp-json\/wp\/v2\/product_tag?post=1800"}],"curies":[{"name":"wp","href":"https:\/\/api.w.org\/{rel}","templated":true}]}}