{"id":1790,"date":"2024-09-25T15:31:02","date_gmt":"2024-09-25T15:31:02","guid":{"rendered":"https:\/\/tiendadurangohogar.rkinformatika.online\/?post_type=product&#038;p=1790"},"modified":"2024-11-01T21:37:28","modified_gmt":"2024-11-01T20:37:28","slug":"iceland-nordico-sintetico","status":"publish","type":"product","link":"https:\/\/tienda.durangohogar.com\/eus\/produktua\/iceland-nordico-sintetico\/","title":{"rendered":"EDRED\u00d3N BICOLOR N\u00d3RDICO REVERSIBLE"},"content":{"rendered":"<p>EDRED\u00d3N BICOLOR N\u00d3RDICO REVERSIBLE CALIDAD ICELANDS CALIDAD EXTRA MUY SUAVE Y CONFORT.<\/p>\n<p>&nbsp;<\/p>","protected":false},"excerpt":{"rendered":"<p><strong>Edred\u00f3n Bicolor N\u00f3rdico Reversible<\/strong><br \/>\nAporta estilo y versatilidad a tu dormitorio con el Edred\u00f3n Bicolor N\u00f3rdico Reversible de calidad extra Icelands. Suave y acogedor, este edred\u00f3n permite cambiar el aspecto de tu cama en un instante gracias a su dise\u00f1o reversible en dos tonos elegantes. Confeccionado para brindar confort y un abrigo \u00f3ptimo, es perfecto para quienes buscan comodidad y un toque decorativo.<\/p>\n<h4><strong>OFERTA ULTIMAS UNIDADES<\/strong><\/h4>","protected":false},"featured_media":4600,"comment_status":"open","ping_status":"closed","template":"","meta":[],"product_brand":[],"product_cat":[33],"product_tag":[],"class_list":{"0":"post-1790","1":"product","2":"type-product","3":"status-publish","4":"has-post-thumbnail","6":"product_cat-nordicos","8":"first","9":"instock","10":"taxable","11":"shipping-taxable","12":"purchasable","13":"product-type-variable"},"yoast_head":"<!-- This site is optimized with the Yoast SEO plugin v27.6 - https:\/\/yoast.com\/product\/yoast-seo-wordpress\/ -->\n<title>EDRED\u00d3N BICOLOR N\u00d3RDICO REVERSIBLE - Durango Hogar<\/title>\n<meta name=\"robots\" content=\"index, follow, max-snippet:-1, max-image-preview:large, max-video-preview:-1\" \/>\n<link rel=\"canonical\" href=\"https:\/\/tienda.durangohogar.com\/eus\/produktua\/iceland-nordico-sintetico\/\" \/>\n<meta property=\"og:locale\" content=\"en_US\" \/>\n<meta property=\"og:type\" content=\"article\" \/>\n<meta property=\"og:title\" content=\"EDRED\u00d3N BICOLOR N\u00d3RDICO REVERSIBLE - Durango Hogar\" \/>\n<meta property=\"og:description\" content=\"Edred\u00f3n Bicolor N\u00f3rdico Reversible Aporta estilo y versatilidad a tu dormitorio con el Edred\u00f3n Bicolor N\u00f3rdico Reversible de calidad extra Icelands. Suave y acogedor, este edred\u00f3n permite cambiar el aspecto de tu cama en un instante gracias a su dise\u00f1o reversible en dos tonos elegantes. Confeccionado para brindar confort y un abrigo \u00f3ptimo, es perfecto para quienes buscan comodidad y un toque decorativo. OFERTA ULTIMAS UNIDADES\" \/>\n<meta property=\"og:url\" content=\"https:\/\/tienda.durangohogar.com\/eus\/produktua\/iceland-nordico-sintetico\/\" \/>\n<meta property=\"og:site_name\" content=\"Durango Hogar\" \/>\n<meta property=\"article:modified_time\" content=\"2024-11-01T20:37:28+00:00\" \/>\n<meta property=\"og:image\" content=\"https:\/\/tienda.durangohogar.com\/wp-content\/uploads\/2024\/09\/icelands-color.jpg.jpg\" \/>\n\t<meta property=\"og:image:width\" content=\"1288\" \/>\n\t<meta property=\"og:image:height\" content=\"1164\" \/>\n\t<meta property=\"og:image:type\" content=\"image\/jpeg\" \/>\n<meta name=\"twitter:card\" content=\"summary_large_image\" \/>\n<meta name=\"twitter:label1\" content=\"Est. reading time\" \/>\n\t<meta name=\"twitter:data1\" content=\"1 minutua\" \/>\n<script type=\"application\/ld+json\" class=\"yoast-schema-graph\">{\"@context\":\"https:\\\/\\\/schema.org\",\"@graph\":[{\"@type\":\"WebPage\",\"@id\":\"https:\\\/\\\/tienda.durangohogar.com\\\/producto\\\/iceland-nordico-sintetico\\\/\",\"url\":\"https:\\\/\\\/tienda.durangohogar.com\\\/producto\\\/iceland-nordico-sintetico\\\/\",\"name\":\"EDRED\u00d3N BICOLOR N\u00d3RDICO REVERSIBLE - Durango Hogar\",\"isPartOf\":{\"@id\":\"https:\\\/\\\/tienda.durangohogar.com\\\/#website\"},\"primaryImageOfPage\":{\"@id\":\"https:\\\/\\\/tienda.durangohogar.com\\\/producto\\\/iceland-nordico-sintetico\\\/#primaryimage\"},\"image\":{\"@id\":\"https:\\\/\\\/tienda.durangohogar.com\\\/producto\\\/iceland-nordico-sintetico\\\/#primaryimage\"},\"thumbnailUrl\":\"https:\\\/\\\/tienda.durangohogar.com\\\/wp-content\\\/uploads\\\/2024\\\/09\\\/icelands-color.jpg.jpg\",\"datePublished\":\"2024-09-25T15:31:02+00:00\",\"dateModified\":\"2024-11-01T20:37:28+00:00\",\"breadcrumb\":{\"@id\":\"https:\\\/\\\/tienda.durangohogar.com\\\/producto\\\/iceland-nordico-sintetico\\\/#breadcrumb\"},\"inLanguage\":\"eu\",\"potentialAction\":[{\"@type\":\"ReadAction\",\"target\":[\"https:\\\/\\\/tienda.durangohogar.com\\\/producto\\\/iceland-nordico-sintetico\\\/\"]}]},{\"@type\":\"ImageObject\",\"inLanguage\":\"eu\",\"@id\":\"https:\\\/\\\/tienda.durangohogar.com\\\/producto\\\/iceland-nordico-sintetico\\\/#primaryimage\",\"url\":\"https:\\\/\\\/tienda.durangohogar.com\\\/wp-content\\\/uploads\\\/2024\\\/09\\\/icelands-color.jpg.jpg\",\"contentUrl\":\"https:\\\/\\\/tienda.durangohogar.com\\\/wp-content\\\/uploads\\\/2024\\\/09\\\/icelands-color.jpg.jpg\",\"width\":1288,\"height\":1164},{\"@type\":\"BreadcrumbList\",\"@id\":\"https:\\\/\\\/tienda.durangohogar.com\\\/producto\\\/iceland-nordico-sintetico\\\/#breadcrumb\",\"itemListElement\":[{\"@type\":\"ListItem\",\"position\":1,\"name\":\"Portada\",\"item\":\"https:\\\/\\\/tienda.durangohogar.com\\\/\"},{\"@type\":\"ListItem\",\"position\":2,\"name\":\"Tienda\",\"item\":\"https:\\\/\\\/tienda.durangohogar.com\\\/\"},{\"@type\":\"ListItem\",\"position\":3,\"name\":\"EDRED\u00d3N BICOLOR N\u00d3RDICO REVERSIBLE\"}]},{\"@type\":\"WebSite\",\"@id\":\"https:\\\/\\\/tienda.durangohogar.com\\\/#website\",\"url\":\"https:\\\/\\\/tienda.durangohogar.com\\\/\",\"name\":\"Durango Hogar\",\"description\":\"Venta de cortinas, toallas, mantas, alfombras a medida, n\u00f3rdicos y mucho m\u00e1s solo el Durango Hogar. \u00bfA qu\u00e9 esperas para visitarnos?\",\"publisher\":{\"@id\":\"https:\\\/\\\/tienda.durangohogar.com\\\/#organization\"},\"potentialAction\":[{\"@type\":\"SearchAction\",\"target\":{\"@type\":\"EntryPoint\",\"urlTemplate\":\"https:\\\/\\\/tienda.durangohogar.com\\\/?s={search_term_string}\"},\"query-input\":{\"@type\":\"PropertyValueSpecification\",\"valueRequired\":true,\"valueName\":\"search_term_string\"}}],\"inLanguage\":\"eu\"},{\"@type\":\"Organization\",\"@id\":\"https:\\\/\\\/tienda.durangohogar.com\\\/#organization\",\"name\":\"Durango Hogar\",\"url\":\"https:\\\/\\\/tienda.durangohogar.com\\\/\",\"logo\":{\"@type\":\"ImageObject\",\"inLanguage\":\"eu\",\"@id\":\"https:\\\/\\\/tienda.durangohogar.com\\\/#\\\/schema\\\/logo\\\/image\\\/\",\"url\":\"https:\\\/\\\/tienda.durangohogar.com\\\/wp-content\\\/uploads\\\/2024\\\/04\\\/cropped-DURANGO-HOGAR_Mesa-de-trabajo-1-1.png\",\"contentUrl\":\"https:\\\/\\\/tienda.durangohogar.com\\\/wp-content\\\/uploads\\\/2024\\\/04\\\/cropped-DURANGO-HOGAR_Mesa-de-trabajo-1-1.png\",\"width\":1920,\"height\":816,\"caption\":\"Durango Hogar\"},\"image\":{\"@id\":\"https:\\\/\\\/tienda.durangohogar.com\\\/#\\\/schema\\\/logo\\\/image\\\/\"}}]}<\/script>\n<!-- \/ Yoast SEO plugin. -->","yoast_head_json":{"title":"EDRED\u00d3N BICOLOR N\u00d3RDICO REVERSIBLE - Durango Hogar","robots":{"index":"index","follow":"follow","max-snippet":"max-snippet:-1","max-image-preview":"max-image-preview:large","max-video-preview":"max-video-preview:-1"},"canonical":"https:\/\/tienda.durangohogar.com\/eus\/produktua\/iceland-nordico-sintetico\/","og_locale":"en_US","og_type":"article","og_title":"EDRED\u00d3N BICOLOR N\u00d3RDICO REVERSIBLE - Durango Hogar","og_description":"Edred\u00f3n Bicolor N\u00f3rdico Reversible Aporta estilo y versatilidad a tu dormitorio con el Edred\u00f3n Bicolor N\u00f3rdico Reversible de calidad extra Icelands. Suave y acogedor, este edred\u00f3n permite cambiar el aspecto de tu cama en un instante gracias a su dise\u00f1o reversible en dos tonos elegantes. Confeccionado para brindar confort y un abrigo \u00f3ptimo, es perfecto para quienes buscan comodidad y un toque decorativo. OFERTA ULTIMAS UNIDADES","og_url":"https:\/\/tienda.durangohogar.com\/eus\/produktua\/iceland-nordico-sintetico\/","og_site_name":"Durango Hogar","article_modified_time":"2024-11-01T20:37:28+00:00","og_image":[{"width":1288,"height":1164,"url":"https:\/\/tienda.durangohogar.com\/wp-content\/uploads\/2024\/09\/icelands-color.jpg.jpg","type":"image\/jpeg"}],"twitter_card":"summary_large_image","twitter_misc":{"Est. reading time":"1 minutua"},"schema":{"@context":"https:\/\/schema.org","@graph":[{"@type":"WebPage","@id":"https:\/\/tienda.durangohogar.com\/producto\/iceland-nordico-sintetico\/","url":"https:\/\/tienda.durangohogar.com\/producto\/iceland-nordico-sintetico\/","name":"EDRED\u00d3N BICOLOR N\u00d3RDICO REVERSIBLE - Durango Hogar","isPartOf":{"@id":"https:\/\/tienda.durangohogar.com\/#website"},"primaryImageOfPage":{"@id":"https:\/\/tienda.durangohogar.com\/producto\/iceland-nordico-sintetico\/#primaryimage"},"image":{"@id":"https:\/\/tienda.durangohogar.com\/producto\/iceland-nordico-sintetico\/#primaryimage"},"thumbnailUrl":"https:\/\/tienda.durangohogar.com\/wp-content\/uploads\/2024\/09\/icelands-color.jpg.jpg","datePublished":"2024-09-25T15:31:02+00:00","dateModified":"2024-11-01T20:37:28+00:00","breadcrumb":{"@id":"https:\/\/tienda.durangohogar.com\/producto\/iceland-nordico-sintetico\/#breadcrumb"},"inLanguage":"eu","potentialAction":[{"@type":"ReadAction","target":["https:\/\/tienda.durangohogar.com\/producto\/iceland-nordico-sintetico\/"]}]},{"@type":"ImageObject","inLanguage":"eu","@id":"https:\/\/tienda.durangohogar.com\/producto\/iceland-nordico-sintetico\/#primaryimage","url":"https:\/\/tienda.durangohogar.com\/wp-content\/uploads\/2024\/09\/icelands-color.jpg.jpg","contentUrl":"https:\/\/tienda.durangohogar.com\/wp-content\/uploads\/2024\/09\/icelands-color.jpg.jpg","width":1288,"height":1164},{"@type":"BreadcrumbList","@id":"https:\/\/tienda.durangohogar.com\/producto\/iceland-nordico-sintetico\/#breadcrumb","itemListElement":[{"@type":"ListItem","position":1,"name":"Portada","item":"https:\/\/tienda.durangohogar.com\/"},{"@type":"ListItem","position":2,"name":"Tienda","item":"https:\/\/tienda.durangohogar.com\/"},{"@type":"ListItem","position":3,"name":"EDRED\u00d3N BICOLOR N\u00d3RDICO REVERSIBLE"}]},{"@type":"WebSite","@id":"https:\/\/tienda.durangohogar.com\/#website","url":"https:\/\/tienda.durangohogar.com\/","name":"Durango Hogar","description":"Venta de cortinas, toallas, mantas, alfombras a medida, n\u00f3rdicos y mucho m\u00e1s solo el Durango Hogar. \u00bfA qu\u00e9 esperas para visitarnos?","publisher":{"@id":"https:\/\/tienda.durangohogar.com\/#organization"},"potentialAction":[{"@type":"SearchAction","target":{"@type":"EntryPoint","urlTemplate":"https:\/\/tienda.durangohogar.com\/?s={search_term_string}"},"query-input":{"@type":"PropertyValueSpecification","valueRequired":true,"valueName":"search_term_string"}}],"inLanguage":"eu"},{"@type":"Organization","@id":"https:\/\/tienda.durangohogar.com\/#organization","name":"Durango Hogar","url":"https:\/\/tienda.durangohogar.com\/","logo":{"@type":"ImageObject","inLanguage":"eu","@id":"https:\/\/tienda.durangohogar.com\/#\/schema\/logo\/image\/","url":"https:\/\/tienda.durangohogar.com\/wp-content\/uploads\/2024\/04\/cropped-DURANGO-HOGAR_Mesa-de-trabajo-1-1.png","contentUrl":"https:\/\/tienda.durangohogar.com\/wp-content\/uploads\/2024\/04\/cropped-DURANGO-HOGAR_Mesa-de-trabajo-1-1.png","width":1920,"height":816,"caption":"Durango Hogar"},"image":{"@id":"https:\/\/tienda.durangohogar.com\/#\/schema\/logo\/image\/"}}]}},"jetpack_sharing_enabled":true,"_links":{"self":[{"href":"https:\/\/tienda.durangohogar.com\/eus\/wp-json\/wp\/v2\/product\/1790","targetHints":{"allow":["GET"]}}],"collection":[{"href":"https:\/\/tienda.durangohogar.com\/eus\/wp-json\/wp\/v2\/product"}],"about":[{"href":"https:\/\/tienda.durangohogar.com\/eus\/wp-json\/wp\/v2\/types\/product"}],"replies":[{"embeddable":true,"href":"https:\/\/tienda.durangohogar.com\/eus\/wp-json\/wp\/v2\/comments?post=1790"}],"wp:featuredmedia":[{"embeddable":true,"href":"https:\/\/tienda.durangohogar.com\/eus\/wp-json\/wp\/v2\/media\/4600"}],"wp:attachment":[{"href":"https:\/\/tienda.durangohogar.com\/eus\/wp-json\/wp\/v2\/media?parent=1790"}],"wp:term":[{"taxonomy":"product_brand","embeddable":true,"href":"https:\/\/tienda.durangohogar.com\/eus\/wp-json\/wp\/v2\/product_brand?post=1790"},{"taxonomy":"product_cat","embeddable":true,"href":"https:\/\/tienda.durangohogar.com\/eus\/wp-json\/wp\/v2\/product_cat?post=1790"},{"taxonomy":"product_tag","embeddable":true,"href":"https:\/\/tienda.durangohogar.com\/eus\/wp-json\/wp\/v2\/product_tag?post=1790"}],"curies":[{"name":"wp","href":"https:\/\/api.w.org\/{rel}","templated":true}]}}