{"id":1613,"date":"2024-09-23T14:09:41","date_gmt":"2024-09-23T14:09:41","guid":{"rendered":"https:\/\/tiendadurangohogar.rkinformatika.online\/?page_id=1613"},"modified":"2024-11-20T11:44:33","modified_gmt":"2024-11-20T10:44:33","slug":"politica-de-envio","status":"publish","type":"page","link":"https:\/\/tienda.durangohogar.com\/eus\/politica-de-envio\/","title":{"rendered":"Pol\u00edtica de env\u00edo"},"content":{"rendered":"<div data-elementor-type=\"wp-page\" data-elementor-id=\"1613\" class=\"elementor elementor-1613\" data-elementor-post-type=\"page\">\n\t\t\t\t<div class=\"elementor-element elementor-element-3b0e7164 e-flex e-con-boxed e-con e-parent\" data-id=\"3b0e7164\" data-element_type=\"container\" data-e-type=\"container\">\n\t\t\t\t\t<div class=\"e-con-inner\">\n\t\t\t\t<div class=\"elementor-element elementor-element-5a547f7c elementor-widget elementor-widget-text-editor\" data-id=\"5a547f7c\" data-element_type=\"widget\" data-e-type=\"widget\" data-widget_type=\"text-editor.default\">\n\t\t\t\t<div class=\"elementor-widget-container\">\n\t\t\t\t\t\t\t\t\t\n<h1 class=\"western wp-block-heading\"><span style=\"color: #666666;\"><span style=\"font-family: Roboto, serif;\"><span style=\"font-size: xx-large;\">POL\u00cdTICA DE ENV\u00cdO<\/span><\/span><\/span><\/h1>\n<p><strong>1. Env\u00edos dentro de Espa\u00f1a<\/strong><br \/>Realizamos env\u00edos <strong>solo dentro de Espa\u00f1a<\/strong>. Actualmente, no realizamos env\u00edos a otras regiones o pa\u00edses.<\/p>\n<p><strong>2. Empresas de mensajer\u00eda<\/strong><br \/>La empresa de mensajer\u00eda que utilizamos para los env\u00edos ser\u00e1 determinada por nosotros. Los clientes <strong>no pueden elegir la empresa de mensajer\u00eda<\/strong>. Una vez el pedido sea enviado, proporcionaremos un n\u00famero de seguimiento para que puedas verificar el estado de tu env\u00edo.<\/p>\n<p><strong>3. Costos de env\u00edo<\/strong><\/p>\n<ul>\n<li>El <strong>costo del env\u00edo est\u00e1ndar<\/strong> es de <strong>5,95 euros<\/strong>.<\/li>\n<li><strong>Env\u00edo gratuito<\/strong>: ofrecemos env\u00edo gratuito en pedidos superiores a <strong>49,99 euros<\/strong>.<\/li>\n<li>Los costos de env\u00edo <strong>no var\u00edan<\/strong> seg\u00fan la ubicaci\u00f3n, el peso o el volumen del paquete.<\/li>\n<li>En el caso de <strong>env\u00edos urgentes<\/strong>, se aplicar\u00e1 un recargo adicional.<\/li>\n<\/ul>\n<p><strong>4. Tiempos de entrega<\/strong><\/p>\n<ul>\n<li>El tiempo estimado de entrega para un <strong>env\u00edo est\u00e1ndar<\/strong> es de <strong>2-7 d\u00edas h\u00e1biles<\/strong>.<\/li>\n<\/ul>\n<p><strong>5. Seguimiento y responsabilidad<\/strong><\/p>\n<ul>\n<li>Ofrecemos <strong>seguimiento de env\u00edos<\/strong> a trav\u00e9s de la empresa de mensajer\u00eda utilizada. Te proporcionaremos un n\u00famero de seguimiento para que puedas consultar el estado de tu pedido.<\/li>\n<li>Si el pedido no llega o se pierde, <strong>gestionamos una reclamaci\u00f3n<\/strong> con la empresa de mensajer\u00eda.<\/li>\n<\/ul>\n<p><strong>6. Cambios y devoluciones<\/strong><\/p>\n<ul>\n<li><strong>No es posible cambiar la direcci\u00f3n de env\u00edo<\/strong> despu\u00e9s de realizar el pedido.<\/li>\n<li>Si un cliente <strong>no recoge el pedido<\/strong>, este se <strong>devuelve autom\u00e1ticamente<\/strong>.<\/li>\n<\/ul>\n<p><strong>7. Recogida local<\/strong><br \/>Ofrecemos la opci\u00f3n de <strong>recogida local<\/strong> en nuestra tienda f\u00edsica.<\/p>\t\t\t\t\t\t\t\t<\/div>\n\t\t\t\t<\/div>\n\t\t\t\t\t<\/div>\n\t\t\t\t<\/div>\n\t\t\t\t<\/div>","protected":false},"excerpt":{"rendered":"<p>POL\u00cdTICA DE ENV\u00cdO 1. Env\u00edos dentro de Espa\u00f1aRealizamos env\u00edos solo dentro de Espa\u00f1a. Actualmente, no realizamos env\u00edos a otras regiones o pa\u00edses. 2. Empresas de mensajer\u00edaLa empresa de mensajer\u00eda que utilizamos para los env\u00edos ser\u00e1 determinada por nosotros. Los clientes no pueden elegir la empresa de mensajer\u00eda. Una vez el pedido sea enviado, proporcionaremos un [&hellip;]<\/p>\n","protected":false},"author":1,"featured_media":0,"parent":0,"menu_order":0,"comment_status":"closed","ping_status":"closed","template":"elementor_canvas","meta":{"footnotes":""},"class_list":["post-1613","page","type-page","status-publish","hentry"],"yoast_head":"<!-- This site is optimized with the Yoast SEO plugin v27.6 - https:\/\/yoast.com\/product\/yoast-seo-wordpress\/ -->\n<title>Pol\u00edtica de env\u00edo - Durango Hogar<\/title>\n<meta name=\"robots\" content=\"index, follow, max-snippet:-1, max-image-preview:large, max-video-preview:-1\" \/>\n<link rel=\"canonical\" href=\"https:\/\/tienda.durangohogar.com\/eus\/politica-de-envio\/\" \/>\n<meta property=\"og:locale\" content=\"en_US\" \/>\n<meta property=\"og:type\" content=\"article\" \/>\n<meta property=\"og:title\" content=\"Pol\u00edtica de env\u00edo - Durango Hogar\" \/>\n<meta property=\"og:description\" content=\"POL\u00cdTICA DE ENV\u00cdO 1. Env\u00edos dentro de Espa\u00f1aRealizamos env\u00edos solo dentro de Espa\u00f1a. Actualmente, no realizamos env\u00edos a otras regiones o pa\u00edses. 2. Empresas de mensajer\u00edaLa empresa de mensajer\u00eda que utilizamos para los env\u00edos ser\u00e1 determinada por nosotros. Los clientes no pueden elegir la empresa de mensajer\u00eda. Una vez el pedido sea enviado, proporcionaremos un [&hellip;]\" \/>\n<meta property=\"og:url\" content=\"https:\/\/tienda.durangohogar.com\/eus\/politica-de-envio\/\" \/>\n<meta property=\"og:site_name\" content=\"Durango Hogar\" \/>\n<meta property=\"article:modified_time\" content=\"2024-11-20T10:44:33+00:00\" \/>\n<meta name=\"twitter:card\" content=\"summary_large_image\" \/>\n<meta name=\"twitter:label1\" content=\"Est. reading time\" \/>\n\t<meta name=\"twitter:data1\" content=\"2 minutua\" \/>\n<script type=\"application\/ld+json\" class=\"yoast-schema-graph\">{\"@context\":\"https:\\\/\\\/schema.org\",\"@graph\":[{\"@type\":\"WebPage\",\"@id\":\"https:\\\/\\\/tienda.durangohogar.com\\\/politica-de-envio\\\/\",\"url\":\"https:\\\/\\\/tienda.durangohogar.com\\\/politica-de-envio\\\/\",\"name\":\"Pol\u00edtica de env\u00edo - Durango Hogar\",\"isPartOf\":{\"@id\":\"https:\\\/\\\/tienda.durangohogar.com\\\/#website\"},\"datePublished\":\"2024-09-23T14:09:41+00:00\",\"dateModified\":\"2024-11-20T10:44:33+00:00\",\"breadcrumb\":{\"@id\":\"https:\\\/\\\/tienda.durangohogar.com\\\/politica-de-envio\\\/#breadcrumb\"},\"inLanguage\":\"eu\",\"potentialAction\":[{\"@type\":\"ReadAction\",\"target\":[\"https:\\\/\\\/tienda.durangohogar.com\\\/politica-de-envio\\\/\"]}]},{\"@type\":\"BreadcrumbList\",\"@id\":\"https:\\\/\\\/tienda.durangohogar.com\\\/politica-de-envio\\\/#breadcrumb\",\"itemListElement\":[{\"@type\":\"ListItem\",\"position\":1,\"name\":\"Portada\",\"item\":\"https:\\\/\\\/tienda.durangohogar.com\\\/\"},{\"@type\":\"ListItem\",\"position\":2,\"name\":\"Pol\u00edtica de env\u00edo\"}]},{\"@type\":\"WebSite\",\"@id\":\"https:\\\/\\\/tienda.durangohogar.com\\\/#website\",\"url\":\"https:\\\/\\\/tienda.durangohogar.com\\\/\",\"name\":\"Durango Hogar\",\"description\":\"Venta de cortinas, toallas, mantas, alfombras a medida, n\u00f3rdicos y mucho m\u00e1s solo el Durango Hogar. \u00bfA qu\u00e9 esperas para visitarnos?\",\"publisher\":{\"@id\":\"https:\\\/\\\/tienda.durangohogar.com\\\/#organization\"},\"potentialAction\":[{\"@type\":\"SearchAction\",\"target\":{\"@type\":\"EntryPoint\",\"urlTemplate\":\"https:\\\/\\\/tienda.durangohogar.com\\\/?s={search_term_string}\"},\"query-input\":{\"@type\":\"PropertyValueSpecification\",\"valueRequired\":true,\"valueName\":\"search_term_string\"}}],\"inLanguage\":\"eu\"},{\"@type\":\"Organization\",\"@id\":\"https:\\\/\\\/tienda.durangohogar.com\\\/#organization\",\"name\":\"Durango Hogar\",\"url\":\"https:\\\/\\\/tienda.durangohogar.com\\\/\",\"logo\":{\"@type\":\"ImageObject\",\"inLanguage\":\"eu\",\"@id\":\"https:\\\/\\\/tienda.durangohogar.com\\\/#\\\/schema\\\/logo\\\/image\\\/\",\"url\":\"https:\\\/\\\/tienda.durangohogar.com\\\/wp-content\\\/uploads\\\/2024\\\/04\\\/cropped-DURANGO-HOGAR_Mesa-de-trabajo-1-1.png\",\"contentUrl\":\"https:\\\/\\\/tienda.durangohogar.com\\\/wp-content\\\/uploads\\\/2024\\\/04\\\/cropped-DURANGO-HOGAR_Mesa-de-trabajo-1-1.png\",\"width\":1920,\"height\":816,\"caption\":\"Durango Hogar\"},\"image\":{\"@id\":\"https:\\\/\\\/tienda.durangohogar.com\\\/#\\\/schema\\\/logo\\\/image\\\/\"}}]}<\/script>\n<!-- \/ Yoast SEO plugin. -->","yoast_head_json":{"title":"Pol\u00edtica de env\u00edo - Durango Hogar","robots":{"index":"index","follow":"follow","max-snippet":"max-snippet:-1","max-image-preview":"max-image-preview:large","max-video-preview":"max-video-preview:-1"},"canonical":"https:\/\/tienda.durangohogar.com\/eus\/politica-de-envio\/","og_locale":"en_US","og_type":"article","og_title":"Pol\u00edtica de env\u00edo - Durango Hogar","og_description":"POL\u00cdTICA DE ENV\u00cdO 1. Env\u00edos dentro de Espa\u00f1aRealizamos env\u00edos solo dentro de Espa\u00f1a. Actualmente, no realizamos env\u00edos a otras regiones o pa\u00edses. 2. Empresas de mensajer\u00edaLa empresa de mensajer\u00eda que utilizamos para los env\u00edos ser\u00e1 determinada por nosotros. Los clientes no pueden elegir la empresa de mensajer\u00eda. Una vez el pedido sea enviado, proporcionaremos un [&hellip;]","og_url":"https:\/\/tienda.durangohogar.com\/eus\/politica-de-envio\/","og_site_name":"Durango Hogar","article_modified_time":"2024-11-20T10:44:33+00:00","twitter_card":"summary_large_image","twitter_misc":{"Est. reading time":"2 minutua"},"schema":{"@context":"https:\/\/schema.org","@graph":[{"@type":"WebPage","@id":"https:\/\/tienda.durangohogar.com\/politica-de-envio\/","url":"https:\/\/tienda.durangohogar.com\/politica-de-envio\/","name":"Pol\u00edtica de env\u00edo - Durango Hogar","isPartOf":{"@id":"https:\/\/tienda.durangohogar.com\/#website"},"datePublished":"2024-09-23T14:09:41+00:00","dateModified":"2024-11-20T10:44:33+00:00","breadcrumb":{"@id":"https:\/\/tienda.durangohogar.com\/politica-de-envio\/#breadcrumb"},"inLanguage":"eu","potentialAction":[{"@type":"ReadAction","target":["https:\/\/tienda.durangohogar.com\/politica-de-envio\/"]}]},{"@type":"BreadcrumbList","@id":"https:\/\/tienda.durangohogar.com\/politica-de-envio\/#breadcrumb","itemListElement":[{"@type":"ListItem","position":1,"name":"Portada","item":"https:\/\/tienda.durangohogar.com\/"},{"@type":"ListItem","position":2,"name":"Pol\u00edtica de env\u00edo"}]},{"@type":"WebSite","@id":"https:\/\/tienda.durangohogar.com\/#website","url":"https:\/\/tienda.durangohogar.com\/","name":"Durango Hogar","description":"Venta de cortinas, toallas, mantas, alfombras a medida, n\u00f3rdicos y mucho m\u00e1s solo el Durango Hogar. \u00bfA qu\u00e9 esperas para visitarnos?","publisher":{"@id":"https:\/\/tienda.durangohogar.com\/#organization"},"potentialAction":[{"@type":"SearchAction","target":{"@type":"EntryPoint","urlTemplate":"https:\/\/tienda.durangohogar.com\/?s={search_term_string}"},"query-input":{"@type":"PropertyValueSpecification","valueRequired":true,"valueName":"search_term_string"}}],"inLanguage":"eu"},{"@type":"Organization","@id":"https:\/\/tienda.durangohogar.com\/#organization","name":"Durango Hogar","url":"https:\/\/tienda.durangohogar.com\/","logo":{"@type":"ImageObject","inLanguage":"eu","@id":"https:\/\/tienda.durangohogar.com\/#\/schema\/logo\/image\/","url":"https:\/\/tienda.durangohogar.com\/wp-content\/uploads\/2024\/04\/cropped-DURANGO-HOGAR_Mesa-de-trabajo-1-1.png","contentUrl":"https:\/\/tienda.durangohogar.com\/wp-content\/uploads\/2024\/04\/cropped-DURANGO-HOGAR_Mesa-de-trabajo-1-1.png","width":1920,"height":816,"caption":"Durango Hogar"},"image":{"@id":"https:\/\/tienda.durangohogar.com\/#\/schema\/logo\/image\/"}}]}},"jetpack_sharing_enabled":true,"_links":{"self":[{"href":"https:\/\/tienda.durangohogar.com\/eus\/wp-json\/wp\/v2\/pages\/1613","targetHints":{"allow":["GET"]}}],"collection":[{"href":"https:\/\/tienda.durangohogar.com\/eus\/wp-json\/wp\/v2\/pages"}],"about":[{"href":"https:\/\/tienda.durangohogar.com\/eus\/wp-json\/wp\/v2\/types\/page"}],"author":[{"embeddable":true,"href":"https:\/\/tienda.durangohogar.com\/eus\/wp-json\/wp\/v2\/users\/1"}],"replies":[{"embeddable":true,"href":"https:\/\/tienda.durangohogar.com\/eus\/wp-json\/wp\/v2\/comments?post=1613"}],"version-history":[{"count":0,"href":"https:\/\/tienda.durangohogar.com\/eus\/wp-json\/wp\/v2\/pages\/1613\/revisions"}],"wp:attachment":[{"href":"https:\/\/tienda.durangohogar.com\/eus\/wp-json\/wp\/v2\/media?parent=1613"}],"curies":[{"name":"wp","href":"https:\/\/api.w.org\/{rel}","templated":true}]}}