{"id":1611,"date":"2024-09-23T14:09:14","date_gmt":"2024-09-23T14:09:14","guid":{"rendered":"https:\/\/tiendadurangohogar.rkinformatika.online\/?page_id=1611"},"modified":"2024-09-24T11:20:39","modified_gmt":"2024-09-24T11:20:39","slug":"politica-de-devoluciones-y-reembolsos","status":"publish","type":"page","link":"https:\/\/tienda.durangohogar.com\/eus\/politica-de-devoluciones-y-reembolsos\/","title":{"rendered":"Pol\u00edtica de Devoluciones y Reembolsos"},"content":{"rendered":"<div data-elementor-type=\"wp-page\" data-elementor-id=\"1611\" class=\"elementor elementor-1611\" data-elementor-post-type=\"page\">\n\t\t\t\t<div class=\"elementor-element elementor-element-3b0e7164 e-flex e-con-boxed e-con e-parent\" data-id=\"3b0e7164\" data-element_type=\"container\" data-e-type=\"container\">\n\t\t\t\t\t<div class=\"e-con-inner\">\n\t\t\t\t<div class=\"elementor-element elementor-element-5a547f7c elementor-widget elementor-widget-text-editor\" data-id=\"5a547f7c\" data-element_type=\"widget\" data-e-type=\"widget\" data-widget_type=\"text-editor.default\">\n\t\t\t\t<div class=\"elementor-widget-container\">\n\t\t\t\t\t\t\t\t\t\n<h1 class=\"wp-block-heading\"><span style=\"color: #666666; font-size: x-large;\"><b>Pol\u00edtica de Devoluciones<\/b><\/span><\/h1>\n<p>En el caso de cambio el cliente nos debe informar y hacernos llegar el producto que quiere devolver y tras valorar que el producto tiene que est\u00e1 sin usar con la etiqueta y envoltorio original, se procede a hacer la devoluci\u00f3n del mismo modo que se ha hecho el pago.<\/p>\n<p>Tambi\u00e9n se puede hacer la devoluci\u00f3n en la propia tienda.<\/p>\n<p>Se dispone de 15 d\u00edas para devolver el pedido.<\/p>\n<p>Pod\u00e9is poneros en contacto con nosotros en el tel\u00e9fono 943 509 215 o en el email arrasatehogar@gmail.com<\/p>\n<p class=\"western\" align=\"left\"><br \/><br \/><\/p>\t\t\t\t\t\t\t\t<\/div>\n\t\t\t\t<\/div>\n\t\t\t\t\t<\/div>\n\t\t\t\t<\/div>\n\t\t\t\t<\/div>","protected":false},"excerpt":{"rendered":"<p>Pol\u00edtica de Devoluciones En el caso de cambio el cliente nos debe informar y hacernos llegar el producto que quiere devolver y tras valorar que el producto tiene que est\u00e1 sin usar con la etiqueta y envoltorio original, se procede a hacer la devoluci\u00f3n del mismo modo que se ha hecho el pago. Tambi\u00e9n se [&hellip;]<\/p>\n","protected":false},"author":1,"featured_media":0,"parent":0,"menu_order":0,"comment_status":"closed","ping_status":"closed","template":"elementor_canvas","meta":{"footnotes":""},"class_list":["post-1611","page","type-page","status-publish","hentry"],"yoast_head":"<!-- This site is optimized with the Yoast SEO plugin v27.6 - https:\/\/yoast.com\/product\/yoast-seo-wordpress\/ -->\n<title>Pol\u00edtica de Devoluciones y Reembolsos - Durango Hogar<\/title>\n<meta name=\"robots\" content=\"index, follow, max-snippet:-1, max-image-preview:large, max-video-preview:-1\" \/>\n<link rel=\"canonical\" href=\"https:\/\/tienda.durangohogar.com\/eus\/politica-de-devoluciones-y-reembolsos\/\" \/>\n<meta property=\"og:locale\" content=\"en_US\" \/>\n<meta property=\"og:type\" content=\"article\" \/>\n<meta property=\"og:title\" content=\"Pol\u00edtica de Devoluciones y Reembolsos - Durango Hogar\" \/>\n<meta property=\"og:description\" content=\"Pol\u00edtica de Devoluciones En el caso de cambio el cliente nos debe informar y hacernos llegar el producto que quiere devolver y tras valorar que el producto tiene que est\u00e1 sin usar con la etiqueta y envoltorio original, se procede a hacer la devoluci\u00f3n del mismo modo que se ha hecho el pago. Tambi\u00e9n se [&hellip;]\" \/>\n<meta property=\"og:url\" content=\"https:\/\/tienda.durangohogar.com\/eus\/politica-de-devoluciones-y-reembolsos\/\" \/>\n<meta property=\"og:site_name\" content=\"Durango Hogar\" \/>\n<meta property=\"article:modified_time\" content=\"2024-09-24T11:20:39+00:00\" \/>\n<meta name=\"twitter:card\" content=\"summary_large_image\" \/>\n<meta name=\"twitter:label1\" content=\"Est. reading time\" \/>\n\t<meta name=\"twitter:data1\" content=\"1 minutua\" \/>\n<script type=\"application\/ld+json\" class=\"yoast-schema-graph\">{\"@context\":\"https:\\\/\\\/schema.org\",\"@graph\":[{\"@type\":\"WebPage\",\"@id\":\"https:\\\/\\\/tienda.durangohogar.com\\\/politica-de-devoluciones-y-reembolsos\\\/\",\"url\":\"https:\\\/\\\/tienda.durangohogar.com\\\/politica-de-devoluciones-y-reembolsos\\\/\",\"name\":\"Pol\u00edtica de Devoluciones y Reembolsos - Durango Hogar\",\"isPartOf\":{\"@id\":\"https:\\\/\\\/tienda.durangohogar.com\\\/#website\"},\"datePublished\":\"2024-09-23T14:09:14+00:00\",\"dateModified\":\"2024-09-24T11:20:39+00:00\",\"breadcrumb\":{\"@id\":\"https:\\\/\\\/tienda.durangohogar.com\\\/politica-de-devoluciones-y-reembolsos\\\/#breadcrumb\"},\"inLanguage\":\"eu\",\"potentialAction\":[{\"@type\":\"ReadAction\",\"target\":[\"https:\\\/\\\/tienda.durangohogar.com\\\/politica-de-devoluciones-y-reembolsos\\\/\"]}]},{\"@type\":\"BreadcrumbList\",\"@id\":\"https:\\\/\\\/tienda.durangohogar.com\\\/politica-de-devoluciones-y-reembolsos\\\/#breadcrumb\",\"itemListElement\":[{\"@type\":\"ListItem\",\"position\":1,\"name\":\"Portada\",\"item\":\"https:\\\/\\\/tienda.durangohogar.com\\\/\"},{\"@type\":\"ListItem\",\"position\":2,\"name\":\"Pol\u00edtica de Devoluciones y Reembolsos\"}]},{\"@type\":\"WebSite\",\"@id\":\"https:\\\/\\\/tienda.durangohogar.com\\\/#website\",\"url\":\"https:\\\/\\\/tienda.durangohogar.com\\\/\",\"name\":\"Durango Hogar\",\"description\":\"Venta de cortinas, toallas, mantas, alfombras a medida, n\u00f3rdicos y mucho m\u00e1s solo el Durango Hogar. \u00bfA qu\u00e9 esperas para visitarnos?\",\"publisher\":{\"@id\":\"https:\\\/\\\/tienda.durangohogar.com\\\/#organization\"},\"potentialAction\":[{\"@type\":\"SearchAction\",\"target\":{\"@type\":\"EntryPoint\",\"urlTemplate\":\"https:\\\/\\\/tienda.durangohogar.com\\\/?s={search_term_string}\"},\"query-input\":{\"@type\":\"PropertyValueSpecification\",\"valueRequired\":true,\"valueName\":\"search_term_string\"}}],\"inLanguage\":\"eu\"},{\"@type\":\"Organization\",\"@id\":\"https:\\\/\\\/tienda.durangohogar.com\\\/#organization\",\"name\":\"Durango Hogar\",\"url\":\"https:\\\/\\\/tienda.durangohogar.com\\\/\",\"logo\":{\"@type\":\"ImageObject\",\"inLanguage\":\"eu\",\"@id\":\"https:\\\/\\\/tienda.durangohogar.com\\\/#\\\/schema\\\/logo\\\/image\\\/\",\"url\":\"https:\\\/\\\/tienda.durangohogar.com\\\/wp-content\\\/uploads\\\/2024\\\/04\\\/cropped-DURANGO-HOGAR_Mesa-de-trabajo-1-1.png\",\"contentUrl\":\"https:\\\/\\\/tienda.durangohogar.com\\\/wp-content\\\/uploads\\\/2024\\\/04\\\/cropped-DURANGO-HOGAR_Mesa-de-trabajo-1-1.png\",\"width\":1920,\"height\":816,\"caption\":\"Durango Hogar\"},\"image\":{\"@id\":\"https:\\\/\\\/tienda.durangohogar.com\\\/#\\\/schema\\\/logo\\\/image\\\/\"}}]}<\/script>\n<!-- \/ Yoast SEO plugin. -->","yoast_head_json":{"title":"Pol\u00edtica de Devoluciones y Reembolsos - Durango Hogar","robots":{"index":"index","follow":"follow","max-snippet":"max-snippet:-1","max-image-preview":"max-image-preview:large","max-video-preview":"max-video-preview:-1"},"canonical":"https:\/\/tienda.durangohogar.com\/eus\/politica-de-devoluciones-y-reembolsos\/","og_locale":"en_US","og_type":"article","og_title":"Pol\u00edtica de Devoluciones y Reembolsos - Durango Hogar","og_description":"Pol\u00edtica de Devoluciones En el caso de cambio el cliente nos debe informar y hacernos llegar el producto que quiere devolver y tras valorar que el producto tiene que est\u00e1 sin usar con la etiqueta y envoltorio original, se procede a hacer la devoluci\u00f3n del mismo modo que se ha hecho el pago. Tambi\u00e9n se [&hellip;]","og_url":"https:\/\/tienda.durangohogar.com\/eus\/politica-de-devoluciones-y-reembolsos\/","og_site_name":"Durango Hogar","article_modified_time":"2024-09-24T11:20:39+00:00","twitter_card":"summary_large_image","twitter_misc":{"Est. reading time":"1 minutua"},"schema":{"@context":"https:\/\/schema.org","@graph":[{"@type":"WebPage","@id":"https:\/\/tienda.durangohogar.com\/politica-de-devoluciones-y-reembolsos\/","url":"https:\/\/tienda.durangohogar.com\/politica-de-devoluciones-y-reembolsos\/","name":"Pol\u00edtica de Devoluciones y Reembolsos - Durango Hogar","isPartOf":{"@id":"https:\/\/tienda.durangohogar.com\/#website"},"datePublished":"2024-09-23T14:09:14+00:00","dateModified":"2024-09-24T11:20:39+00:00","breadcrumb":{"@id":"https:\/\/tienda.durangohogar.com\/politica-de-devoluciones-y-reembolsos\/#breadcrumb"},"inLanguage":"eu","potentialAction":[{"@type":"ReadAction","target":["https:\/\/tienda.durangohogar.com\/politica-de-devoluciones-y-reembolsos\/"]}]},{"@type":"BreadcrumbList","@id":"https:\/\/tienda.durangohogar.com\/politica-de-devoluciones-y-reembolsos\/#breadcrumb","itemListElement":[{"@type":"ListItem","position":1,"name":"Portada","item":"https:\/\/tienda.durangohogar.com\/"},{"@type":"ListItem","position":2,"name":"Pol\u00edtica de Devoluciones y Reembolsos"}]},{"@type":"WebSite","@id":"https:\/\/tienda.durangohogar.com\/#website","url":"https:\/\/tienda.durangohogar.com\/","name":"Durango Hogar","description":"Venta de cortinas, toallas, mantas, alfombras a medida, n\u00f3rdicos y mucho m\u00e1s solo el Durango Hogar. \u00bfA qu\u00e9 esperas para visitarnos?","publisher":{"@id":"https:\/\/tienda.durangohogar.com\/#organization"},"potentialAction":[{"@type":"SearchAction","target":{"@type":"EntryPoint","urlTemplate":"https:\/\/tienda.durangohogar.com\/?s={search_term_string}"},"query-input":{"@type":"PropertyValueSpecification","valueRequired":true,"valueName":"search_term_string"}}],"inLanguage":"eu"},{"@type":"Organization","@id":"https:\/\/tienda.durangohogar.com\/#organization","name":"Durango Hogar","url":"https:\/\/tienda.durangohogar.com\/","logo":{"@type":"ImageObject","inLanguage":"eu","@id":"https:\/\/tienda.durangohogar.com\/#\/schema\/logo\/image\/","url":"https:\/\/tienda.durangohogar.com\/wp-content\/uploads\/2024\/04\/cropped-DURANGO-HOGAR_Mesa-de-trabajo-1-1.png","contentUrl":"https:\/\/tienda.durangohogar.com\/wp-content\/uploads\/2024\/04\/cropped-DURANGO-HOGAR_Mesa-de-trabajo-1-1.png","width":1920,"height":816,"caption":"Durango Hogar"},"image":{"@id":"https:\/\/tienda.durangohogar.com\/#\/schema\/logo\/image\/"}}]}},"jetpack_sharing_enabled":true,"_links":{"self":[{"href":"https:\/\/tienda.durangohogar.com\/eus\/wp-json\/wp\/v2\/pages\/1611","targetHints":{"allow":["GET"]}}],"collection":[{"href":"https:\/\/tienda.durangohogar.com\/eus\/wp-json\/wp\/v2\/pages"}],"about":[{"href":"https:\/\/tienda.durangohogar.com\/eus\/wp-json\/wp\/v2\/types\/page"}],"author":[{"embeddable":true,"href":"https:\/\/tienda.durangohogar.com\/eus\/wp-json\/wp\/v2\/users\/1"}],"replies":[{"embeddable":true,"href":"https:\/\/tienda.durangohogar.com\/eus\/wp-json\/wp\/v2\/comments?post=1611"}],"version-history":[{"count":0,"href":"https:\/\/tienda.durangohogar.com\/eus\/wp-json\/wp\/v2\/pages\/1611\/revisions"}],"wp:attachment":[{"href":"https:\/\/tienda.durangohogar.com\/eus\/wp-json\/wp\/v2\/media?parent=1611"}],"curies":[{"name":"wp","href":"https:\/\/api.w.org\/{rel}","templated":true}]}}